{"id":573,"date":"2020-11-11T19:04:44","date_gmt":"2020-11-11T19:04:44","guid":{"rendered":"http:\/\/europeci.com\/?page_id=573"},"modified":"2021-01-28T14:40:32","modified_gmt":"2021-01-28T14:40:32","slug":"specialties","status":"publish","type":"page","link":"https:\/\/europeci.com\/es\/products\/specialties\/","title":{"rendered":"ESPECIALIDADES"},"content":{"rendered":"<div class=\"vce-row-container\" data-vce-boxed-width=\"true\"><div class=\"vce-row vce-row--col-gap-30 vce-row-equal-height vce-row-columns--top vce-row-content--top\" id=\"el-98431d06\" data-vce-do-apply=\"all el-98431d06\"><div class=\"vce-row-content\" data-vce-element-content=\"true\"><div class=\"vce-col vce-col--md-auto vce-col--xs-1 vce-col--xs-last vce-col--xs-first vce-col--sm-last vce-col--sm-first vce-col--md-last vce-col--lg-last vce-col--xl-last vce-col--md-first vce-col--lg-first vce-col--xl-first\" id=\"el-19da24b7\"><div class=\"vce-col-inner\" data-vce-do-apply=\"border margin background  el-19da24b7\"><div class=\"vce-col-content\" data-vce-element-content=\"true\" data-vce-do-apply=\"padding el-19da24b7\"><div class=\"vce-google-fonts-heading vce-google-fonts-heading--align-left vce-google-fonts-heading--gradient-empty--45--b-0-255-77--b-255-18-0 vce-google-fonts-heading--font-family-Krona-One\"><div class=\"vce-google-fonts-heading-wrapper\"><div class=\"vce-google-fonts-heading--background vce\" id=\"el-618ad92e\" data-vce-do-apply=\"border background  padding margin el-618ad92e\"><h1 class=\"vce-google-fonts-heading-inner\" style=\"font-weight: 400;\">ESPECIALIDADES<\/h1><\/div><\/div><\/div><\/div><\/div><\/div><\/div><\/div><\/div><div class=\"vce-row-container\" data-vce-boxed-width=\"true\"><div class=\"vce-row vce-row--col-gap-30 vce-row-equal-height vce-row-columns--top vce-row-content--top\" id=\"el-f7a9b6b3\" data-vce-do-apply=\"all el-f7a9b6b3\"><div class=\"vce-row-content\" data-vce-element-content=\"true\"><div class=\"vce-col vce-col--md-auto vce-col--xs-1 vce-col--xs-last vce-col--xs-first vce-col--sm-last vce-col--sm-first vce-col--md-first vce-col--lg-first vce-col--xl-first\" id=\"el-82fd63a4\"><div class=\"vce-col-inner\" data-vce-do-apply=\"border margin background  el-82fd63a4\"><div class=\"vce-col-content\" data-vce-element-content=\"true\" data-vce-do-apply=\"padding el-82fd63a4\"><div class=\"vce-text-block\"><div class=\"vce-text-block-wrapper vce\" id=\"el-325dec4f\" data-vce-do-apply=\"all el-325dec4f\"><h2 style=\"text-align: center;\"><span style=\"color: #ff0000;\">CATALIZADOR A BASE DE AGUA<\/span><\/h2>\n<p>La tipograf\u00eda es el arte y la t\u00e9cnica de organizar la tipograf\u00eda para hacer que el lenguaje escrito sea legible, legible y atractivo cuando se muestra. La disposici\u00f3n del tipo implica la selecci\u00f3n de tipos de letra, el tama\u00f1o de los puntos, la longitud de las l\u00edneas, el espaciado entre l\u00edneas (interlineado), el espaciado entre letras (seguimiento) y el ajuste del espacio entre los pares de letras (interletraje).<\/p><\/div><\/div><\/div><\/div><\/div><div class=\"vce-col vce-col--md-auto vce-col--xs-1 vce-col--xs-last vce-col--xs-first vce-col--sm-last vce-col--sm-first\" id=\"el-28f04ce0\"><div class=\"vce-col-inner\" data-vce-do-apply=\"border margin background  el-28f04ce0\"><div class=\"vce-col-content\" data-vce-element-content=\"true\" data-vce-do-apply=\"padding el-28f04ce0\"><div class=\"vce-text-block\"><div class=\"vce-text-block-wrapper vce\" id=\"el-b4cab547\" data-vce-do-apply=\"all el-b4cab547\"><h2 style=\"text-align: center;\"><span style=\"color: #ff0000;\">ACABADO CATALIZADOR<\/span><\/h2>\n<p>La tipograf\u00eda es el arte y la t\u00e9cnica de organizar la tipograf\u00eda para hacer que el lenguaje escrito sea legible, legible y atractivo cuando se muestra. La disposici\u00f3n del tipo implica la selecci\u00f3n de tipos de letra, el tama\u00f1o de los puntos, la longitud de las l\u00edneas, el espaciado entre l\u00edneas (interlineado), el espaciado entre letras (seguimiento) y el ajuste del espacio entre los pares de letras (interletraje).<\/p><\/div><\/div><\/div><\/div><\/div><div class=\"vce-col vce-col--md-auto vce-col--xs-1 vce-col--xs-last vce-col--xs-first vce-col--sm-last vce-col--sm-first vce-col--md-last vce-col--lg-last vce-col--xl-last\" id=\"el-1ede6a38\"><div class=\"vce-col-inner\" data-vce-do-apply=\"border margin background  el-1ede6a38\"><div class=\"vce-col-content\" data-vce-element-content=\"true\" data-vce-do-apply=\"padding el-1ede6a38\"><div class=\"vce-text-block\"><div class=\"vce-text-block-wrapper vce\" id=\"el-499e84ca\" data-vce-do-apply=\"all el-499e84ca\"><h2 style=\"text-align: center;\"><span style=\"color: #ff0000;\">SOLVENTES<\/span><\/h2>\n<p>La tipograf\u00eda es el arte y la t\u00e9cnica de organizar la tipograf\u00eda para hacer que el lenguaje escrito sea legible, legible y atractivo cuando se muestra. La disposici\u00f3n del tipo implica la selecci\u00f3n de tipos de letra, el tama\u00f1o de los puntos, la longitud de las l\u00edneas, el espaciado entre l\u00edneas (interlineado), el espaciado entre letras (seguimiento) y el ajuste del espacio entre los pares de letras (interletraje).<\/p><\/div><\/div><\/div><\/div><\/div><\/div><\/div><\/div><div class=\"vce-row-container\" data-vce-boxed-width=\"true\"><div class=\"vce-row vce-row--col-gap-30 vce-row-equal-height vce-row-columns--top vce-row-content--top\" id=\"el-7d62b089\" data-vce-do-apply=\"all el-7d62b089\"><div class=\"vce-row-content\" data-vce-element-content=\"true\"><div class=\"vce-col vce-col--md-auto vce-col--xs-1 vce-col--xs-last vce-col--xs-first vce-col--sm-last vce-col--sm-first vce-col--md-last vce-col--lg-last vce-col--xl-last vce-col--md-first vce-col--lg-first vce-col--xl-first\" id=\"el-8ae4a601\"><div class=\"vce-col-inner\" data-vce-do-apply=\"border margin background  el-8ae4a601\"><div class=\"vce-col-content\" data-vce-element-content=\"true\" data-vce-do-apply=\"padding el-8ae4a601\"><div class=\"vce vce-separator-container vce-separator--align-center vce-separator--style-shadow\" id=\"el-bcbe8644\" data-vce-do-apply=\"margin el-bcbe8644\"><div class=\"vce-separator vce-separator--color-bfc0c1 vce-separator--width-100 vce-separator--thickness-10\" data-vce-do-apply=\"border padding background  el-bcbe8644\"><div class=\"vce-separator-shadow vce-separator-shadow-left\"><\/div><div class=\"vce-separator-shadow vce-separator-shadow-right\"><\/div><\/div><\/div><\/div><\/div><\/div><\/div><\/div><\/div><div class=\"vce-row-container\" data-vce-boxed-width=\"true\"><div class=\"vce-row vce-row--col-gap-30 vce-row-equal-height vce-row-columns--top vce-row-content--top\" id=\"el-88eabcb3\" data-vce-do-apply=\"all el-88eabcb3\"><div class=\"vce-row-content\" data-vce-element-content=\"true\"><div class=\"vce-col vce-col--md-auto vce-col--xs-1 vce-col--xs-last vce-col--xs-first vce-col--sm-last vce-col--sm-first vce-col--md-last vce-col--lg-last vce-col--xl-last vce-col--md-first vce-col--lg-first vce-col--xl-first\" id=\"el-9be50757\"><div class=\"vce-col-inner\" data-vce-do-apply=\"border margin background  el-9be50757\"><div class=\"vce-col-content\" data-vce-element-content=\"true\" data-vce-do-apply=\"padding el-9be50757\"><div class=\"vce-single-image-container vce-single-image--align-center\"><div class=\"vce vce-single-image-wrapper\" id=\"el-d67297b2\" data-vce-do-apply=\"all el-d67297b2\" data-vce-animate=\"vce-o-animate--zoomInUp\"><figure><div class=\"vce-single-image-inner vce-single-image--absolute vce-single-image--border-round\" style=\"padding-bottom: 100%; width: 396px;\"><img loading=\"lazy\" decoding=\"async\" class=\"vce-single-image\" width=\"396\" height=\"396\" src=\"https:\/\/europeci.com\/wp-content\/uploads\/2021\/01\/WhatsApp-Image-2020-11-13-at-11.56.56-AM-1-e1606146754689-396x396.jpeg\" srcset=\"https:\/\/europeci.com\/wp-content\/uploads\/2021\/01\/WhatsApp-Image-2020-11-13-at-11.56.56-AM-1-e1606146754689-320x320.jpeg 320w,https:\/\/europeci.com\/wp-content\/uploads\/2021\/01\/WhatsApp-Image-2020-11-13-at-11.56.56-AM-1-e1606146754689-396x396.jpeg 396w\" data-img-src=\"https:\/\/europeci.com\/wp-content\/uploads\/2020\/11\/WhatsApp-Image-2020-11-13-at-11.56.56-AM-1-e1606146754689.jpeg\" alt=\"\" title=\"WhatsApp-Image-2020-11-13-at-11.56.56-AM-1\" \/><\/div><figcaption hidden=\"\"><\/figcaption><\/figure><\/div><\/div><\/div><\/div><\/div><\/div><\/div><\/div><div class=\"vce-row-container\" data-vce-boxed-width=\"true\"><div class=\"vce-row vce-row--col-gap-30 vce-row-equal-height vce-row-columns--top vce-row-content--top\" id=\"el-5917ab99\" data-vce-do-apply=\"all el-5917ab99\"><div class=\"vce-row-content\" data-vce-element-content=\"true\"><div class=\"vce-col vce-col--md-auto vce-col--xs-1 vce-col--xs-last vce-col--xs-first vce-col--sm-last vce-col--sm-first vce-col--md-last vce-col--lg-last vce-col--xl-last vce-col--md-first vce-col--lg-first vce-col--xl-first\" id=\"el-d0058cfb\"><div class=\"vce-col-inner\" data-vce-do-apply=\"border margin background  el-d0058cfb\"><div class=\"vce-col-content\" data-vce-element-content=\"true\" data-vce-do-apply=\"padding el-d0058cfb\"><div class=\"vce vce-separator-container vce-separator--align-center vce-separator--style-shadow\" id=\"el-54ed965f\" data-vce-do-apply=\"margin el-54ed965f\"><div class=\"vce-separator vce-separator--color-bfc0c1 vce-separator--width-100 vce-separator--thickness-10\" data-vce-do-apply=\"border padding background  el-54ed965f\"><div class=\"vce-separator-shadow vce-separator-shadow-left\"><\/div><div class=\"vce-separator-shadow vce-separator-shadow-right\"><\/div><\/div><\/div><\/div><\/div><\/div><\/div><\/div><\/div>","protected":false},"excerpt":{"rendered":"<p>SPECIALTIESBASE COAT CATALYST Typography is the art and technique of arranging type to make written language legible, readable and appealing when displayed. The arrangement of type involves selecting typefaces, point size, line length, line-spacing (leading), letter-spacing (tracking), and adjusting the space within letters pairs (kerning).TOP COAT CATALYST Typography is the art and technique of arranging [&hellip;]<\/p>\n","protected":false},"author":1,"featured_media":0,"parent":443,"menu_order":0,"comment_status":"closed","ping_status":"closed","template":"","meta":{"saved_in_kubio":false,"site-sidebar-layout":"default","site-content-layout":"","ast-site-content-layout":"default","site-content-style":"default","site-sidebar-style":"default","ast-global-header-display":"","ast-banner-title-visibility":"","ast-main-header-display":"","ast-hfb-above-header-display":"","ast-hfb-below-header-display":"","ast-hfb-mobile-header-display":"","site-post-title":"","ast-breadcrumbs-content":"","ast-featured-img":"","footer-sml-layout":"","ast-disable-related-posts":"","theme-transparent-header-meta":"","adv-header-id-meta":"","stick-header-meta":"","header-above-stick-meta":"","header-main-stick-meta":"","header-below-stick-meta":"","astra-migrate-meta-layouts":"default","ast-page-background-enabled":"default","ast-page-background-meta":{"desktop":{"background-color":"var(--ast-global-color-4)","background-image":"","background-repeat":"repeat","background-position":"center center","background-size":"auto","background-attachment":"scroll","background-type":"","background-media":"","overlay-type":"","overlay-color":"","overlay-opacity":"","overlay-gradient":""},"tablet":{"background-color":"","background-image":"","background-repeat":"repeat","background-position":"center center","background-size":"auto","background-attachment":"scroll","background-type":"","background-media":"","overlay-type":"","overlay-color":"","overlay-opacity":"","overlay-gradient":""},"mobile":{"background-color":"","background-image":"","background-repeat":"repeat","background-position":"center center","background-size":"auto","background-attachment":"scroll","background-type":"","background-media":"","overlay-type":"","overlay-color":"","overlay-opacity":"","overlay-gradient":""}},"ast-content-background-meta":{"desktop":{"background-color":"var(--ast-global-color-5)","background-image":"","background-repeat":"repeat","background-position":"center center","background-size":"auto","background-attachment":"scroll","background-type":"","background-media":"","overlay-type":"","overlay-color":"","overlay-opacity":"","overlay-gradient":""},"tablet":{"background-color":"var(--ast-global-color-5)","background-image":"","background-repeat":"repeat","background-position":"center center","background-size":"auto","background-attachment":"scroll","background-type":"","background-media":"","overlay-type":"","overlay-color":"","overlay-opacity":"","overlay-gradient":""},"mobile":{"background-color":"var(--ast-global-color-5)","background-image":"","background-repeat":"repeat","background-position":"center center","background-size":"auto","background-attachment":"scroll","background-type":"","background-media":"","overlay-type":"","overlay-color":"","overlay-opacity":"","overlay-gradient":""}},"footnotes":""},"class_list":["post-573","page","type-page","status-publish","hentry"],"kubio_ai_page_context":{"short_desc":"","purpose":"general"},"_links":{"self":[{"href":"https:\/\/europeci.com\/es\/wp-json\/wp\/v2\/pages\/573","targetHints":{"allow":["GET"]}}],"collection":[{"href":"https:\/\/europeci.com\/es\/wp-json\/wp\/v2\/pages"}],"about":[{"href":"https:\/\/europeci.com\/es\/wp-json\/wp\/v2\/types\/page"}],"author":[{"embeddable":true,"href":"https:\/\/europeci.com\/es\/wp-json\/wp\/v2\/users\/1"}],"replies":[{"embeddable":true,"href":"https:\/\/europeci.com\/es\/wp-json\/wp\/v2\/comments?post=573"}],"version-history":[{"count":4,"href":"https:\/\/europeci.com\/es\/wp-json\/wp\/v2\/pages\/573\/revisions"}],"predecessor-version":[{"id":736,"href":"https:\/\/europeci.com\/es\/wp-json\/wp\/v2\/pages\/573\/revisions\/736"}],"up":[{"embeddable":true,"href":"https:\/\/europeci.com\/es\/wp-json\/wp\/v2\/pages\/443"}],"wp:attachment":[{"href":"https:\/\/europeci.com\/es\/wp-json\/wp\/v2\/media?parent=573"}],"curies":[{"name":"wp","href":"https:\/\/api.w.org\/{rel}","templated":true}]}}