{"id":548,"date":"2020-11-10T20:55:10","date_gmt":"2020-11-10T20:55:10","guid":{"rendered":"http:\/\/europeci.com\/?page_id=548"},"modified":"2021-01-25T19:22:06","modified_gmt":"2021-01-25T19:22:06","slug":"dyes","status":"publish","type":"page","link":"https:\/\/europeci.com\/es\/products\/products-2-2\/dyes\/","title":{"rendered":"TINTES"},"content":{"rendered":"<div class=\"vce-row-container\" data-vce-boxed-width=\"true\"><div class=\"vce-row vce-row--col-gap-30 vce-row-equal-height vce-row-columns--top vce-row-content--top\" id=\"el-d9b3d078\" data-vce-do-apply=\"all el-d9b3d078\"><div class=\"vce-row-content\" data-vce-element-content=\"true\"><div class=\"vce-col vce-col--md-auto vce-col--xs-1 vce-col--xs-last vce-col--xs-first vce-col--sm-last vce-col--sm-first vce-col--md-last vce-col--lg-last vce-col--xl-last vce-col--md-first vce-col--lg-first vce-col--xl-first\" id=\"el-e261f4fe\"><div class=\"vce-col-inner\" data-vce-do-apply=\"border margin background  el-e261f4fe\"><div class=\"vce-col-content\" data-vce-element-content=\"true\" data-vce-do-apply=\"padding el-e261f4fe\"><div class=\"vce-google-fonts-heading vce-google-fonts-heading--align-left vce-google-fonts-heading--gradient-ba-107-32-7-0-66--45--5C00FF--FF7200 vce-google-fonts-heading--font-family-Krona-One\"><div class=\"vce-google-fonts-heading-wrapper\"><div class=\"vce-google-fonts-heading--background vce\" id=\"el-8f63d4d1\" data-vce-do-apply=\"border background  padding margin el-8f63d4d1\"><h1 class=\"vce-google-fonts-heading-inner\" style=\"font-weight: 400;\">PIGMENTOS Y TINTES<\/h1><\/div><\/div><\/div><\/div><\/div><\/div><\/div><\/div><\/div><div class=\"vce-row-container\" data-vce-boxed-width=\"true\"><div class=\"vce-row vce-row--col-gap-30 vce-row-equal-height vce-row-columns--top vce-row-content--top\" id=\"el-a3ba5218\" data-vce-do-apply=\"all el-a3ba5218\"><div class=\"vce-row-content\" data-vce-element-content=\"true\"><div class=\"vce-col vce-col--md-auto vce-col--xs-1 vce-col--xs-last vce-col--xs-first vce-col--sm-last vce-col--sm-first vce-col--md-first vce-col--lg-first vce-col--xl-first\" id=\"el-5411702d\"><div class=\"vce-col-inner\" data-vce-do-apply=\"border margin background  el-5411702d\"><div class=\"vce-col-content\" data-vce-element-content=\"true\" data-vce-do-apply=\"padding el-5411702d\"><div class=\"vce-text-block\"><div class=\"vce-text-block-wrapper vce\" id=\"el-2a95eaa1\" data-vce-do-apply=\"all el-2a95eaa1\"><h2><span style=\"color: #ff6600;\">TINTES CONCENTRADOS<\/span><\/h2>\r\n<p>La tipograf\u00eda es el arte y la t\u00e9cnica de organizar la tipograf\u00eda para hacer que el lenguaje escrito sea legible, legible y atractivo cuando se muestra. La disposici\u00f3n del tipo implica la selecci\u00f3n de tipos de letra, el tama\u00f1o de los puntos, la longitud de las l\u00edneas, el espaciado entre l\u00edneas (interlineado), el espaciado entre letras (seguimiento) y el ajuste del espacio entre los pares de letras (interletraje).<\/p><\/div><\/div><\/div><\/div><\/div><div class=\"vce-col vce-col--md-auto vce-col--xs-1 vce-col--xs-last vce-col--xs-first vce-col--sm-last vce-col--sm-first vce-col--md-last vce-col--lg-last vce-col--xl-last\" id=\"el-7917e97a\"><div class=\"vce-col-inner\" data-vce-do-apply=\"border margin background  el-7917e97a\"><div class=\"vce-col-content\" data-vce-element-content=\"true\" data-vce-do-apply=\"padding el-7917e97a\"><div class=\"vce-text-block\"><div class=\"vce-text-block-wrapper vce\" id=\"el-14695646\" data-vce-do-apply=\"all el-14695646\"><h2><span style=\"color: #ff6600;\">PIGMENTOS CONCENTRADOS<\/span><\/h2>\r\n<p>La tipograf\u00eda es el arte y la t\u00e9cnica de organizar la tipograf\u00eda para hacer que el lenguaje escrito sea legible, legible y atractivo cuando se muestra. La disposici\u00f3n del tipo implica la selecci\u00f3n de tipos de letra, el tama\u00f1o de los puntos, la longitud de las l\u00edneas, el espaciado entre l\u00edneas (interlineado), el espaciado entre letras (seguimiento) y el ajuste del espacio entre los pares de letras (interletraje).<\/p><\/div><\/div><\/div><\/div><\/div><\/div><\/div><\/div><div class=\"vce-row-container\" data-vce-boxed-width=\"true\"><div class=\"vce-row vce-row--col-gap-30 vce-row-equal-height vce-row-columns--top vce-row-content--top\" id=\"el-87e3ed6c\" data-vce-do-apply=\"all el-87e3ed6c\"><div class=\"vce-row-content\" data-vce-element-content=\"true\"><div class=\"vce-col vce-col--md-auto vce-col--xs-1 vce-col--xs-last vce-col--xs-first vce-col--sm-last vce-col--sm-first vce-col--md-last vce-col--lg-last vce-col--xl-last vce-col--md-first vce-col--lg-first vce-col--xl-first\" id=\"el-4deb2e65\"><div class=\"vce-col-inner\" data-vce-do-apply=\"border margin background  el-4deb2e65\"><div class=\"vce-col-content\" data-vce-element-content=\"true\" data-vce-do-apply=\"padding el-4deb2e65\"><div class=\"vce vce-separator-container vce-separator--align-center vce-separator--style-shadow\" id=\"el-2ef50f1a\" data-vce-do-apply=\"margin el-2ef50f1a\"><div class=\"vce-separator vce-separator--color-bfc0c1 vce-separator--width-100 vce-separator--thickness-10\" data-vce-do-apply=\"border padding background  el-2ef50f1a\"><div class=\"vce-separator-shadow vce-separator-shadow-left\"><\/div><div class=\"vce-separator-shadow vce-separator-shadow-right\"><\/div><\/div><\/div><\/div><\/div><\/div><\/div><\/div><\/div><div class=\"vce-row-container\" data-vce-boxed-width=\"true\"><div class=\"vce-row vce-row--col-gap-30 vce-row-equal-height vce-row-columns--top vce-row-content--top\" id=\"el-da44c3cd\" data-vce-do-apply=\"all el-da44c3cd\"><div class=\"vce-row-content\" data-vce-element-content=\"true\"><div class=\"vce-col vce-col--md-auto vce-col--xs-1 vce-col--xs-last vce-col--xs-first vce-col--sm-last vce-col--sm-first vce-col--md-last vce-col--lg-last vce-col--xl-last vce-col--md-first vce-col--lg-first vce-col--xl-first\" id=\"el-f18e470e\"><div class=\"vce-col-inner\" data-vce-do-apply=\"border margin background  el-f18e470e\"><div class=\"vce-col-content\" data-vce-element-content=\"true\" data-vce-do-apply=\"padding el-f18e470e\"><div class=\"vce-single-image-container vce-single-image--align-center\"><div class=\"vce vce-single-image-wrapper\" id=\"el-756bdf63\" data-vce-do-apply=\"all el-756bdf63\" data-vce-animate=\"vce-o-animate--fadeIn\"><figure><div class=\"vce-single-image-inner vce-single-image--absolute vce-single-image--border-round\" style=\"padding-bottom: 100%; width: 450px;\"><img loading=\"lazy\" decoding=\"async\" class=\"vce-single-image\" width=\"450\" height=\"450\" src=\"https:\/\/europeci.com\/wp-content\/uploads\/2021\/01\/WhatsApp-Image-2020-11-10-at-4.41.39-PM-e1611073948523-450x450.jpeg\" srcset=\"https:\/\/europeci.com\/wp-content\/uploads\/2021\/01\/WhatsApp-Image-2020-11-10-at-4.41.39-PM-e1611073948523-320x320.jpeg 320w,https:\/\/europeci.com\/wp-content\/uploads\/2021\/01\/WhatsApp-Image-2020-11-10-at-4.41.39-PM-e1611073948523-450x450.jpeg 450w\" data-img-src=\"https:\/\/europeci.com\/wp-content\/uploads\/2020\/11\/WhatsApp-Image-2020-11-10-at-4.41.39-PM-e1611073948523.jpeg\" alt=\"\" title=\"WhatsApp-Image-2020-11-10-at-4.41.39-PM\" \/><\/div><figcaption hidden=\"\"><\/figcaption><\/figure><\/div><\/div><\/div><\/div><\/div><\/div><\/div><\/div><div class=\"vce-row-container\" data-vce-boxed-width=\"true\"><div class=\"vce-row vce-row--col-gap-30 vce-row-equal-height vce-row-columns--top vce-row-content--top\" id=\"el-8c797e6e\" data-vce-do-apply=\"all el-8c797e6e\"><div class=\"vce-row-content\" data-vce-element-content=\"true\"><div class=\"vce-col vce-col--md-auto vce-col--xs-1 vce-col--xs-last vce-col--xs-first vce-col--sm-last vce-col--sm-first vce-col--md-last vce-col--lg-last vce-col--xl-last vce-col--md-first vce-col--lg-first vce-col--xl-first\" id=\"el-3195da3d\"><div class=\"vce-col-inner\" data-vce-do-apply=\"border margin background  el-3195da3d\"><div class=\"vce-col-content\" data-vce-element-content=\"true\" data-vce-do-apply=\"padding el-3195da3d\"><div class=\"vce vce-separator-container vce-separator--align-center vce-separator--style-shadow\" id=\"el-f24cd8c1\" data-vce-do-apply=\"margin el-f24cd8c1\"><div class=\"vce-separator vce-separator--color-bfc0c1 vce-separator--width-100 vce-separator--thickness-10\" data-vce-do-apply=\"border padding background  el-f24cd8c1\"><div class=\"vce-separator-shadow vce-separator-shadow-left\"><\/div><div class=\"vce-separator-shadow vce-separator-shadow-right\"><\/div><\/div><\/div><\/div><\/div><\/div><\/div><\/div><\/div>","protected":false},"excerpt":{"rendered":"<p>PIGMENTS AND DYESDYES CONCENTRATES Typography is the art and technique of arranging type to make written language legible, readable and appealing when displayed. The arrangement of type involves selecting typefaces, point size, line length, line-spacing (leading), letter-spacing (tracking), and adjusting the space within letters pairs (kerning).PIGMENTS CONCENTRATES Typography is the art and technique of arranging [&hellip;]<\/p>\n","protected":false},"author":1,"featured_media":0,"parent":350,"menu_order":0,"comment_status":"closed","ping_status":"closed","template":"","meta":{"saved_in_kubio":false,"site-sidebar-layout":"default","site-content-layout":"","ast-site-content-layout":"default","site-content-style":"default","site-sidebar-style":"default","ast-global-header-display":"","ast-banner-title-visibility":"","ast-main-header-display":"","ast-hfb-above-header-display":"","ast-hfb-below-header-display":"","ast-hfb-mobile-header-display":"","site-post-title":"","ast-breadcrumbs-content":"","ast-featured-img":"","footer-sml-layout":"","ast-disable-related-posts":"","theme-transparent-header-meta":"","adv-header-id-meta":"","stick-header-meta":"","header-above-stick-meta":"","header-main-stick-meta":"","header-below-stick-meta":"","astra-migrate-meta-layouts":"default","ast-page-background-enabled":"default","ast-page-background-meta":{"desktop":{"background-color":"var(--ast-global-color-4)","background-image":"","background-repeat":"repeat","background-position":"center center","background-size":"auto","background-attachment":"scroll","background-type":"","background-media":"","overlay-type":"","overlay-color":"","overlay-opacity":"","overlay-gradient":""},"tablet":{"background-color":"","background-image":"","background-repeat":"repeat","background-position":"center center","background-size":"auto","background-attachment":"scroll","background-type":"","background-media":"","overlay-type":"","overlay-color":"","overlay-opacity":"","overlay-gradient":""},"mobile":{"background-color":"","background-image":"","background-repeat":"repeat","background-position":"center center","background-size":"auto","background-attachment":"scroll","background-type":"","background-media":"","overlay-type":"","overlay-color":"","overlay-opacity":"","overlay-gradient":""}},"ast-content-background-meta":{"desktop":{"background-color":"var(--ast-global-color-5)","background-image":"","background-repeat":"repeat","background-position":"center center","background-size":"auto","background-attachment":"scroll","background-type":"","background-media":"","overlay-type":"","overlay-color":"","overlay-opacity":"","overlay-gradient":""},"tablet":{"background-color":"var(--ast-global-color-5)","background-image":"","background-repeat":"repeat","background-position":"center center","background-size":"auto","background-attachment":"scroll","background-type":"","background-media":"","overlay-type":"","overlay-color":"","overlay-opacity":"","overlay-gradient":""},"mobile":{"background-color":"var(--ast-global-color-5)","background-image":"","background-repeat":"repeat","background-position":"center center","background-size":"auto","background-attachment":"scroll","background-type":"","background-media":"","overlay-type":"","overlay-color":"","overlay-opacity":"","overlay-gradient":""}},"footnotes":""},"class_list":["post-548","page","type-page","status-publish","hentry"],"kubio_ai_page_context":{"short_desc":"","purpose":"general"},"_links":{"self":[{"href":"https:\/\/europeci.com\/es\/wp-json\/wp\/v2\/pages\/548","targetHints":{"allow":["GET"]}}],"collection":[{"href":"https:\/\/europeci.com\/es\/wp-json\/wp\/v2\/pages"}],"about":[{"href":"https:\/\/europeci.com\/es\/wp-json\/wp\/v2\/types\/page"}],"author":[{"embeddable":true,"href":"https:\/\/europeci.com\/es\/wp-json\/wp\/v2\/users\/1"}],"replies":[{"embeddable":true,"href":"https:\/\/europeci.com\/es\/wp-json\/wp\/v2\/comments?post=548"}],"version-history":[{"count":4,"href":"https:\/\/europeci.com\/es\/wp-json\/wp\/v2\/pages\/548\/revisions"}],"predecessor-version":[{"id":691,"href":"https:\/\/europeci.com\/es\/wp-json\/wp\/v2\/pages\/548\/revisions\/691"}],"up":[{"embeddable":true,"href":"https:\/\/europeci.com\/es\/wp-json\/wp\/v2\/pages\/350"}],"wp:attachment":[{"href":"https:\/\/europeci.com\/es\/wp-json\/wp\/v2\/media?parent=548"}],"curies":[{"name":"wp","href":"https:\/\/api.w.org\/{rel}","templated":true}]}}