{"id":465,"date":"2020-11-05T16:59:00","date_gmt":"2020-11-05T16:59:00","guid":{"rendered":"http:\/\/europeci.com\/?page_id=465"},"modified":"2020-11-23T16:38:49","modified_gmt":"2020-11-23T16:38:49","slug":"interior-water-based","status":"publish","type":"page","link":"https:\/\/europeci.com\/es\/products\/interior-water-based\/","title":{"rendered":"INTERIOR A BASE DE AGUA"},"content":{"rendered":"<div class=\"vce-row-container\"><div class=\"vce-row vce-row--col-gap-30 vce-row-columns--top vce-row-content--top\" id=\"el-762014a0\" data-vce-do-apply=\"all el-762014a0\"><div class=\"vce-row-content\" data-vce-element-content=\"true\"><div class=\"vce-col vce-col--md-auto vce-col--xs-1 vce-col--xs-last vce-col--xs-first vce-col--sm-last vce-col--sm-first vce-col--md-last vce-col--lg-last vce-col--xl-last vce-col--md-first vce-col--lg-first vce-col--xl-first\" id=\"el-06165682\"><div class=\"vce-col-inner\" data-vce-do-apply=\"border margin background  el-06165682\"><div class=\"vce-col-content\" data-vce-element-content=\"true\" data-vce-do-apply=\"padding el-06165682\"><div class=\"vce-google-fonts-heading vce-google-fonts-heading--align-center vce-google-fonts-heading--gradient-empty--45--b-27-228-223--b-50-61-165 vce-google-fonts-heading--font-family-Krona-One\"><div class=\"vce-google-fonts-heading-wrapper\"><div class=\"vce-google-fonts-heading--background vce\" id=\"el-1e479a6f\" data-vce-do-apply=\"border background  padding margin el-1e479a6f\"><h1 class=\"vce-google-fonts-heading-inner\" style=\"font-weight: 400;\">INTERIOR A BASE AGUA<\/h1><\/div><\/div><\/div><\/div><\/div><\/div><\/div><\/div><\/div><div class=\"vce-row-container\"><div class=\"vce-row vce-row--col-gap-30 vce-row-columns--top vce-row-content--top\" id=\"el-1e042b0f\" data-vce-do-apply=\"all el-1e042b0f\"><div class=\"vce-row-content\" data-vce-element-content=\"true\"><div class=\"vce-col vce-col--md-auto vce-col--xs-1 vce-col--xs-last vce-col--xs-first vce-col--sm-last vce-col--sm-first vce-col--md-first vce-col--lg-first vce-col--xl-first\" id=\"el-5b9d94a9\"><div class=\"vce-col-inner\" data-vce-do-apply=\"border margin background  el-5b9d94a9\"><div class=\"vce-col-content\" data-vce-element-content=\"true\" data-vce-do-apply=\"padding el-5b9d94a9\"><div class=\"vce-text-block\"><div class=\"vce-text-block-wrapper vce\" id=\"el-938f2df8\" data-vce-do-apply=\"all el-938f2df8\"><h2><span style=\"color: #33cccc;\">SELLADOR A BASE AGUA<\/span><\/h2>\n<p>La tipograf\u00eda es el arte y la t\u00e9cnica de organizar la tipograf\u00eda para hacer que el lenguaje escrito sea legible, legible y atractivo cuando se muestra. La disposici\u00f3n del tipo implica la selecci\u00f3n de tipos de letra, el tama\u00f1o de los puntos, la longitud de las l\u00edneas, el espaciado entre l\u00edneas (interlineado), el espaciado entre letras (seguimiento) y el ajuste del espacio entre los pares de letras (interletraje).<\/p><\/div><\/div><\/div><\/div><\/div><div class=\"vce-col vce-col--md-auto vce-col--xs-1 vce-col--xs-last vce-col--xs-first vce-col--sm-last vce-col--sm-first vce-col--md-last vce-col--lg-last vce-col--xl-last\" id=\"el-ad0d5fec\"><div class=\"vce-col-inner\" data-vce-do-apply=\"border margin background  el-ad0d5fec\"><div class=\"vce-col-content\" data-vce-element-content=\"true\" data-vce-do-apply=\"padding el-ad0d5fec\"><div class=\"vce-text-block\"><div class=\"vce-text-block-wrapper vce\" id=\"el-1e63c259\" data-vce-do-apply=\"all el-1e63c259\"><h2><span style=\"color: #33cccc;\">PRIMER A BASE DE AGUA<\/span><\/h2>\n<p>La tipograf\u00eda es el arte y la t\u00e9cnica de organizar la tipograf\u00eda para hacer que el lenguaje escrito sea legible, legible y atractivo cuando se muestra. La disposici\u00f3n del tipo implica la selecci\u00f3n de tipos de letra, el tama\u00f1o de los puntos, la longitud de las l\u00edneas, el espaciado entre l\u00edneas (interlineado), el espaciado entre letras (seguimiento) y el ajuste del espacio entre los pares de letras (interletraje).<\/p><\/div><\/div><\/div><\/div><\/div><\/div><\/div><\/div><div class=\"vce-row-container\"><div class=\"vce-row vce-row--col-gap-30 vce-row-columns--top vce-row-content--top\" id=\"el-e23d817b\" data-vce-do-apply=\"all el-e23d817b\"><div class=\"vce-row-content\" data-vce-element-content=\"true\"><div class=\"vce-col vce-col--md-auto vce-col--xs-1 vce-col--xs-last vce-col--xs-first vce-col--sm-last vce-col--sm-first vce-col--md-first vce-col--lg-first vce-col--xl-first\" id=\"el-2368d001\"><div class=\"vce-col-inner\" data-vce-do-apply=\"border margin background  el-2368d001\"><div class=\"vce-col-content\" data-vce-element-content=\"true\" data-vce-do-apply=\"padding el-2368d001\"><div class=\"vce-text-block\"><div class=\"vce-text-block-wrapper vce\" id=\"el-577d5335\" data-vce-do-apply=\"all el-577d5335\"><h2><span style=\"color: #33cccc;\">CAPA SUPERIOR DE POLIURETANO TRANSPARENTE A BASE DE AGUA<\/span><\/h2>\n<p>La tipograf\u00eda es el arte y la t\u00e9cnica de organizar la tipograf\u00eda para hacer que el lenguaje escrito sea legible, legible y atractivo cuando se muestra. La disposici\u00f3n del tipo implica la selecci\u00f3n de tipos de letra, el tama\u00f1o de los puntos, la longitud de las l\u00edneas, el espaciado entre l\u00edneas (interlineado), el espaciado entre letras (seguimiento) y el ajuste del espacio entre los pares de letras (interletraje).<\/p><\/div><\/div><\/div><\/div><\/div><div class=\"vce-col vce-col--md-auto vce-col--xs-1 vce-col--xs-last vce-col--xs-first vce-col--sm-last vce-col--sm-first vce-col--md-last vce-col--lg-last vce-col--xl-last\" id=\"el-ac4c5b79\"><div class=\"vce-col-inner\" data-vce-do-apply=\"border margin background  el-ac4c5b79\"><div class=\"vce-col-content\" data-vce-element-content=\"true\" data-vce-do-apply=\"padding el-ac4c5b79\"><div class=\"vce-text-block\"><div class=\"vce-text-block-wrapper vce\" id=\"el-9641a2d5\" data-vce-do-apply=\"all el-9641a2d5\"><h2><span style=\"color: #33cccc;\">CAPA SUPERIOR BLANCA A BASE DE AGUA<\/span><\/h2>\n<p>La tipograf\u00eda es el arte y la t\u00e9cnica de organizar la tipograf\u00eda para hacer que el lenguaje escrito sea legible, legible y atractivo cuando se muestra. La disposici\u00f3n del tipo implica la selecci\u00f3n de tipos de letra, el tama\u00f1o de los puntos, la longitud de las l\u00edneas, el espaciado entre l\u00edneas (interlineado), el espaciado entre letras (seguimiento) y el ajuste del espacio entre los pares de letras (interletraje).<\/p><\/div><\/div><\/div><\/div><\/div><\/div><\/div><\/div><div class=\"vce-row-container\"><div class=\"vce-row vce-row--col-gap-30 vce-row-columns--top vce-row-content--top\" id=\"el-9ca474b1\" data-vce-do-apply=\"all el-9ca474b1\"><div class=\"vce-row-content\" data-vce-element-content=\"true\"><div class=\"vce-col vce-col--md-auto vce-col--xs-1 vce-col--xs-last vce-col--xs-first vce-col--sm-last vce-col--sm-first vce-col--md-last vce-col--lg-last vce-col--xl-last vce-col--md-first vce-col--lg-first vce-col--xl-first\" id=\"el-dd83f0e0\"><div class=\"vce-col-inner\" data-vce-do-apply=\"border margin background  el-dd83f0e0\"><div class=\"vce-col-content\" data-vce-element-content=\"true\" data-vce-do-apply=\"padding el-dd83f0e0\"><div class=\"vce-text-block\"><div class=\"vce-text-block-wrapper vce\" id=\"el-63c5b949\" data-vce-do-apply=\"all el-63c5b949\"><h2 style=\"text-align: center;\"><span style=\"color: #33cccc;\">AUTOSELLADOR A BASE DE AGUA<\/span><\/h2>\n<p>La tipograf\u00eda es el arte y la t\u00e9cnica de organizar la tipograf\u00eda para hacer que el lenguaje escrito sea legible, legible y atractivo cuando se muestra. La disposici\u00f3n del tipo implica la selecci\u00f3n de tipos de letra, el tama\u00f1o de los puntos, la longitud de las l\u00edneas, el espaciado entre l\u00edneas (interlineado), el espaciado entre letras (seguimiento) y el ajuste del espacio entre los pares de letras (interletraje).<\/p><\/div><\/div><\/div><\/div><\/div><\/div><\/div><\/div><div class=\"vce-row-container\"><div class=\"vce-row vce-row--col-gap-30 vce-row-columns--top vce-row-content--top\" id=\"el-0df31768\" data-vce-do-apply=\"all el-0df31768\"><div class=\"vce-row-content\" data-vce-element-content=\"true\"><div class=\"vce-col vce-col--md-auto vce-col--xs-1 vce-col--xs-last vce-col--xs-first vce-col--sm-last vce-col--sm-first vce-col--md-last vce-col--lg-last vce-col--xl-last vce-col--md-first vce-col--lg-first vce-col--xl-first\" id=\"el-cd971356\"><div class=\"vce-col-inner\" data-vce-do-apply=\"border margin background  el-cd971356\"><div class=\"vce-col-content\" data-vce-element-content=\"true\" data-vce-do-apply=\"padding el-cd971356\"><div class=\"vce vce-separator-container vce-separator--align-center vce-separator--style-shadow\" id=\"el-bb2d7bb8\" data-vce-do-apply=\"margin el-bb2d7bb8\"><div class=\"vce-separator vce-separator--color-bfc0c1 vce-separator--width-100 vce-separator--thickness-10\" data-vce-do-apply=\"border padding background  el-bb2d7bb8\"><div class=\"vce-separator-shadow vce-separator-shadow-left\"><\/div><div class=\"vce-separator-shadow vce-separator-shadow-right\"><\/div><\/div><\/div><\/div><\/div><\/div><\/div><\/div><\/div><div class=\"vce-row-container\"><div class=\"vce-row vce-row--col-gap-30 vce-row-columns--top vce-row-content--top\" id=\"el-41679a46\" data-vce-do-apply=\"all el-41679a46\"><div class=\"vce-row-content\" data-vce-element-content=\"true\"><div class=\"vce-col vce-col--md-auto vce-col--xs-1 vce-col--xs-last vce-col--xs-first vce-col--sm-last vce-col--sm-first vce-col--md-last vce-col--lg-last vce-col--xl-last vce-col--md-first vce-col--lg-first vce-col--xl-first\" id=\"el-940a7caf\"><div class=\"vce-col-inner\" data-vce-do-apply=\"border margin background  el-940a7caf\"><div class=\"vce-col-content\" data-vce-element-content=\"true\" data-vce-do-apply=\"padding el-940a7caf\"><div class=\"vce-single-image-container vce-single-image--align-center\"><div class=\"vce vce-single-image-wrapper\" id=\"el-4b229ddf\" data-vce-do-apply=\"all el-4b229ddf\" data-vce-animate=\"vce-o-animate--fadeInDownBig\"><figure><div class=\"vce-single-image-inner vce-single-image--absolute vce-single-image--border-round\" style=\"padding-bottom: 100%; width: 422px;\"><img class=\"vce-single-image\" width=\"422\" height=\"422\"src=\"https:\/\/europeci.com\/wp-content\/uploads\/2020\/11\/PRODUCTS-1-422x422.jpg\" srcset=\"https:\/\/europeci.com\/wp-content\/uploads\/2020\/11\/PRODUCTS-1-320x320.jpg 320w,https:\/\/europeci.com\/wp-content\/uploads\/2020\/11\/PRODUCTS-1-422x422.jpg 422w\" data-img-src=\"https:\/\/europeci.com\/wp-content\/uploads\/2020\/11\/PRODUCTS-1.jpg\" alt=\"\" title=\"PRODUCTS-1\" \/><\/div><figcaption hidden=\"\"><\/figcaption><\/figure><\/div><\/div><\/div><\/div><\/div><\/div><\/div><\/div><div class=\"vce-row-container\"><div class=\"vce-row vce-row--col-gap-30 vce-row-columns--top vce-row-content--top\" id=\"el-050b5664\" data-vce-do-apply=\"all el-050b5664\"><div class=\"vce-row-content\" data-vce-element-content=\"true\"><div class=\"vce-col vce-col--md-auto vce-col--xs-1 vce-col--xs-last vce-col--xs-first vce-col--sm-last vce-col--sm-first vce-col--md-last vce-col--lg-last vce-col--xl-last vce-col--md-first vce-col--lg-first vce-col--xl-first\" id=\"el-dbfe8449\"><div class=\"vce-col-inner\" data-vce-do-apply=\"border margin background  el-dbfe8449\"><div class=\"vce-col-content\" data-vce-element-content=\"true\" data-vce-do-apply=\"padding el-dbfe8449\"><div class=\"vce vce-separator-container vce-separator--align-center vce-separator--style-shadow\" id=\"el-edded8ae\" data-vce-do-apply=\"margin el-edded8ae\"><div class=\"vce-separator vce-separator--color-bfc0c1 vce-separator--width-100 vce-separator--thickness-10\" data-vce-do-apply=\"border padding background  el-edded8ae\"><div class=\"vce-separator-shadow vce-separator-shadow-left\"><\/div><div class=\"vce-separator-shadow vce-separator-shadow-right\"><\/div><\/div><\/div><\/div><\/div><\/div><\/div><\/div><\/div>","protected":false},"excerpt":{"rendered":"<p>WATER BASE INTERIORWATER BASE SEALER Typography is the art and technique of arranging type to make written language legible, readable and appealing when displayed. The arrangement of type involves selecting typefaces, point size, line length, line-spacing (leading), letter-spacing (tracking), and adjusting the space within letters pairs (kerning).WATER BASE PRIMER Typography is the art and technique [&hellip;]<\/p>\n","protected":false},"author":1,"featured_media":0,"parent":443,"menu_order":0,"comment_status":"closed","ping_status":"closed","template":"","meta":{"saved_in_kubio":false,"site-sidebar-layout":"default","site-content-layout":"","ast-site-content-layout":"default","site-content-style":"default","site-sidebar-style":"default","ast-global-header-display":"","ast-banner-title-visibility":"","ast-main-header-display":"","ast-hfb-above-header-display":"","ast-hfb-below-header-display":"","ast-hfb-mobile-header-display":"","site-post-title":"","ast-breadcrumbs-content":"","ast-featured-img":"","footer-sml-layout":"","ast-disable-related-posts":"","theme-transparent-header-meta":"","adv-header-id-meta":"","stick-header-meta":"","header-above-stick-meta":"","header-main-stick-meta":"","header-below-stick-meta":"","astra-migrate-meta-layouts":"default","ast-page-background-enabled":"default","ast-page-background-meta":{"desktop":{"background-color":"var(--ast-global-color-4)","background-image":"","background-repeat":"repeat","background-position":"center center","background-size":"auto","background-attachment":"scroll","background-type":"","background-media":"","overlay-type":"","overlay-color":"","overlay-opacity":"","overlay-gradient":""},"tablet":{"background-color":"","background-image":"","background-repeat":"repeat","background-position":"center center","background-size":"auto","background-attachment":"scroll","background-type":"","background-media":"","overlay-type":"","overlay-color":"","overlay-opacity":"","overlay-gradient":""},"mobile":{"background-color":"","background-image":"","background-repeat":"repeat","background-position":"center center","background-size":"auto","background-attachment":"scroll","background-type":"","background-media":"","overlay-type":"","overlay-color":"","overlay-opacity":"","overlay-gradient":""}},"ast-content-background-meta":{"desktop":{"background-color":"var(--ast-global-color-5)","background-image":"","background-repeat":"repeat","background-position":"center center","background-size":"auto","background-attachment":"scroll","background-type":"","background-media":"","overlay-type":"","overlay-color":"","overlay-opacity":"","overlay-gradient":""},"tablet":{"background-color":"var(--ast-global-color-5)","background-image":"","background-repeat":"repeat","background-position":"center center","background-size":"auto","background-attachment":"scroll","background-type":"","background-media":"","overlay-type":"","overlay-color":"","overlay-opacity":"","overlay-gradient":""},"mobile":{"background-color":"var(--ast-global-color-5)","background-image":"","background-repeat":"repeat","background-position":"center center","background-size":"auto","background-attachment":"scroll","background-type":"","background-media":"","overlay-type":"","overlay-color":"","overlay-opacity":"","overlay-gradient":""}},"footnotes":""},"class_list":["post-465","page","type-page","status-publish","hentry"],"kubio_ai_page_context":{"short_desc":"","purpose":"general"},"_links":{"self":[{"href":"https:\/\/europeci.com\/es\/wp-json\/wp\/v2\/pages\/465","targetHints":{"allow":["GET"]}}],"collection":[{"href":"https:\/\/europeci.com\/es\/wp-json\/wp\/v2\/pages"}],"about":[{"href":"https:\/\/europeci.com\/es\/wp-json\/wp\/v2\/types\/page"}],"author":[{"embeddable":true,"href":"https:\/\/europeci.com\/es\/wp-json\/wp\/v2\/users\/1"}],"replies":[{"embeddable":true,"href":"https:\/\/europeci.com\/es\/wp-json\/wp\/v2\/comments?post=465"}],"version-history":[{"count":2,"href":"https:\/\/europeci.com\/es\/wp-json\/wp\/v2\/pages\/465\/revisions"}],"predecessor-version":[{"id":675,"href":"https:\/\/europeci.com\/es\/wp-json\/wp\/v2\/pages\/465\/revisions\/675"}],"up":[{"embeddable":true,"href":"https:\/\/europeci.com\/es\/wp-json\/wp\/v2\/pages\/443"}],"wp:attachment":[{"href":"https:\/\/europeci.com\/es\/wp-json\/wp\/v2\/media?parent=465"}],"curies":[{"name":"wp","href":"https:\/\/api.w.org\/{rel}","templated":true}]}}