{"id":459,"date":"2020-11-05T16:54:31","date_gmt":"2020-11-05T16:54:31","guid":{"rendered":"http:\/\/europeci.com\/?page_id=459"},"modified":"2020-11-23T16:30:04","modified_gmt":"2020-11-23T16:30:04","slug":"interior-water-based-polyurethane","status":"publish","type":"page","link":"https:\/\/europeci.com\/es\/products\/interior-water-based-polyurethane\/","title":{"rendered":"POLIURETANO INTERIOR A BASE DE AGUA"},"content":{"rendered":"<div class=\"vce-row-container\"><div class=\"vce-row vce-row--col-gap-30 vce-row-columns--top vce-row-content--top\" id=\"el-35d9bbc0\" data-vce-do-apply=\"all el-35d9bbc0\"><div class=\"vce-row-content\" data-vce-element-content=\"true\"><div class=\"vce-col vce-col--md-auto vce-col--xs-1 vce-col--xs-last vce-col--xs-first vce-col--sm-last vce-col--sm-first vce-col--md-last vce-col--lg-last vce-col--xl-last vce-col--md-first vce-col--lg-first vce-col--xl-first\" id=\"el-bfb75d2e\"><div class=\"vce-col-inner\" data-vce-do-apply=\"border margin background  el-bfb75d2e\"><div class=\"vce-col-content\" data-vce-element-content=\"true\" data-vce-do-apply=\"padding el-bfb75d2e\"><div class=\"vce-google-fonts-heading vce-google-fonts-heading--align-center vce-google-fonts-heading--gradient-empty--45--b-200-194-219--b-37-41-201 vce-google-fonts-heading--font-family-Krona-One\"><div class=\"vce-google-fonts-heading-wrapper\"><div class=\"vce-google-fonts-heading--background vce\" id=\"el-e9740dc8\" data-vce-do-apply=\"border background  padding margin el-e9740dc8\"><h1 class=\"vce-google-fonts-heading-inner\" style=\"font-weight: 400;\">POLIURETANO A BASE DE AGUA<\/h1><\/div><\/div><\/div><\/div><\/div><\/div><\/div><\/div><\/div><div class=\"vce-row-container\"><div class=\"vce-row vce-row--col-gap-30 vce-row-columns--top vce-row-content--top\" id=\"el-74645d43\" data-vce-do-apply=\"all el-74645d43\"><div class=\"vce-row-content\" data-vce-element-content=\"true\"><div class=\"vce-col vce-col--md-auto vce-col--xs-1 vce-col--xs-last vce-col--xs-first vce-col--sm-last vce-col--sm-first vce-col--md-first vce-col--lg-first vce-col--xl-first\" id=\"el-e5eb3a0e\"><div class=\"vce-col-inner\" data-vce-do-apply=\"border margin background  el-e5eb3a0e\"><div class=\"vce-col-content\" data-vce-element-content=\"true\" data-vce-do-apply=\"padding el-e5eb3a0e\"><div class=\"vce-text-block\"><div class=\"vce-text-block-wrapper vce\" id=\"el-9b72a466\" data-vce-do-apply=\"all el-9b72a466\"><h2><span style=\"color: #008080;\">SELLADOR POLIURETANO A BASE DE AGUA<\/span><\/h2>\n<p>La tipograf\u00eda es el arte y la t\u00e9cnica de organizar la tipograf\u00eda para hacer que el lenguaje escrito sea legible, legible y atractivo cuando se muestra. La disposici\u00f3n del tipo implica la selecci\u00f3n de tipos de letra, el tama\u00f1o de los puntos, la longitud de las l\u00edneas, el espaciado entre l\u00edneas (interlineado), el espaciado entre letras (seguimiento) y el ajuste del espacio entre los pares de letras (interletraje).<\/p><\/div><\/div><\/div><\/div><\/div><div class=\"vce-col vce-col--md-auto vce-col--xs-1 vce-col--xs-last vce-col--xs-first vce-col--sm-last vce-col--sm-first vce-col--md-last vce-col--lg-last vce-col--xl-last\" id=\"el-367fa358\"><div class=\"vce-col-inner\" data-vce-do-apply=\"border margin background  el-367fa358\"><div class=\"vce-col-content\" data-vce-element-content=\"true\" data-vce-do-apply=\"padding el-367fa358\"><div class=\"vce-text-block\"><div class=\"vce-text-block-wrapper vce\" id=\"el-c9936846\" data-vce-do-apply=\"all el-c9936846\"><h2><span style=\"color: #008080;\">PRIMER POLIURETANO A BASE DE AGUA<\/span><\/h2>\n<p>La tipograf\u00eda es el arte y la t\u00e9cnica de organizar la tipograf\u00eda para hacer que el lenguaje escrito sea legible, legible y atractivo cuando se muestra. La disposici\u00f3n del tipo implica la selecci\u00f3n de tipos de letra, el tama\u00f1o de los puntos, la longitud de las l\u00edneas, el espaciado entre l\u00edneas (interlineado), el espaciado entre letras (seguimiento) y el ajuste del espacio entre los pares de letras (interletraje).<\/p><\/div><\/div><\/div><\/div><\/div><\/div><\/div><\/div><div class=\"vce-row-container\"><div class=\"vce-row vce-row--col-gap-30 vce-row-columns--top vce-row-content--top\" id=\"el-cee672fd\" data-vce-do-apply=\"all el-cee672fd\"><div class=\"vce-row-content\" data-vce-element-content=\"true\"><div class=\"vce-col vce-col--md-auto vce-col--xs-1 vce-col--xs-last vce-col--xs-first vce-col--sm-last vce-col--sm-first vce-col--md-first vce-col--lg-first vce-col--xl-first\" id=\"el-8f9660c5\"><div class=\"vce-col-inner\" data-vce-do-apply=\"border margin background  el-8f9660c5\"><div class=\"vce-col-content\" data-vce-element-content=\"true\" data-vce-do-apply=\"padding el-8f9660c5\"><div class=\"vce-text-block\"><div class=\"vce-text-block-wrapper vce\" id=\"el-5bbe65bc\" data-vce-do-apply=\"all el-5bbe65bc\"><h2><span style=\"color: #008080;\">CAPA SUPERIOR DE POLIURETANO TRANSPARENTE A BASE DE AGUA<\/span><\/h2>\n<p>La tipograf\u00eda es el arte y la t\u00e9cnica de organizar la tipograf\u00eda para hacer que el lenguaje escrito sea legible, legible y atractivo cuando se muestra. La disposici\u00f3n del tipo implica la selecci\u00f3n de tipos de letra, el tama\u00f1o de los puntos, la longitud de las l\u00edneas, el espaciado entre l\u00edneas (interlineado), el espaciado entre letras (seguimiento) y el ajuste del espacio entre los pares de letras (interletraje).<\/p><\/div><\/div><\/div><\/div><\/div><div class=\"vce-col vce-col--md-auto vce-col--xs-1 vce-col--xs-last vce-col--xs-first vce-col--sm-last vce-col--sm-first vce-col--md-last vce-col--lg-last vce-col--xl-last\" id=\"el-ec2094dd\"><div class=\"vce-col-inner\" data-vce-do-apply=\"border margin background  el-ec2094dd\"><div class=\"vce-col-content\" data-vce-element-content=\"true\" data-vce-do-apply=\"padding el-ec2094dd\"><div class=\"vce-text-block\"><div class=\"vce-text-block-wrapper vce\" id=\"el-5940979d\" data-vce-do-apply=\"all el-5940979d\"><h2><span style=\"color: #008080;\">CAPA SUPERIOR DE POLIURETANO BLANCO A BASE DE AGUA<\/span><\/h2>\n<p>La tipograf\u00eda es el arte y la t\u00e9cnica de organizar la tipograf\u00eda para hacer que el lenguaje escrito sea legible, legible y atractivo cuando se muestra. La disposici\u00f3n del tipo implica la selecci\u00f3n de tipos de letra, el tama\u00f1o de los puntos, la longitud de las l\u00edneas, el espaciado entre l\u00edneas (interlineado), el espaciado entre letras (seguimiento) y el ajuste del espacio entre los pares de letras (interletraje).<\/p><\/div><\/div><\/div><\/div><\/div><\/div><\/div><\/div><div class=\"vce-row-container\"><div class=\"vce-row vce-row--col-gap-30 vce-row-columns--top vce-row-content--top\" id=\"el-7410a3d6\" data-vce-do-apply=\"all el-7410a3d6\"><div class=\"vce-row-content\" data-vce-element-content=\"true\"><div class=\"vce-col vce-col--md-auto vce-col--xs-1 vce-col--xs-last vce-col--xs-first vce-col--sm-last vce-col--sm-first vce-col--md-last vce-col--lg-last vce-col--xl-last vce-col--md-first vce-col--lg-first vce-col--xl-first\" id=\"el-609f4b28\"><div class=\"vce-col-inner\" data-vce-do-apply=\"border margin background  el-609f4b28\"><div class=\"vce-col-content\" data-vce-element-content=\"true\" data-vce-do-apply=\"padding el-609f4b28\"><div class=\"vce-text-block\"><div class=\"vce-text-block-wrapper vce\" id=\"el-792f19af\" data-vce-do-apply=\"all el-792f19af\"><h2 style=\"text-align: center;\"><span style=\"color: #008080;\">&nbsp;POLIURETANO AUTOSELLADOR A BASE DE AGUA (PISO)<\/span><\/h2><h2><span style=\"color: #008080;\">&nbsp; &nbsp; &nbsp; &nbsp; &nbsp; &nbsp; &nbsp; &nbsp; &nbsp; &nbsp; &nbsp; &nbsp; &nbsp; &nbsp; &nbsp; &nbsp; &nbsp; &nbsp; &nbsp;(FLOOR)<\/span><\/h2><p>La tipograf\u00eda es el arte y la t\u00e9cnica de organizar la tipograf\u00eda para hacer que el lenguaje escrito sea legible, legible y atractivo cuando se muestra. La disposici\u00f3n del tipo implica la selecci\u00f3n de tipos de letra, el tama\u00f1o de los puntos, la longitud de las l\u00edneas, el espaciado entre l\u00edneas (interlineado), el espaciado entre letras (seguimiento) y el ajuste del espacio entre los pares de letras (interletraje).<\/p><\/div><\/div><\/div><\/div><\/div><\/div><\/div><\/div><div class=\"vce-row-container\"><div class=\"vce-row vce-row--col-gap-30 vce-row-columns--top vce-row-content--top\" id=\"el-f7bd7f1b\" data-vce-do-apply=\"all el-f7bd7f1b\"><div class=\"vce-row-content\" data-vce-element-content=\"true\"><div class=\"vce-col vce-col--md-auto vce-col--xs-1 vce-col--xs-last vce-col--xs-first vce-col--sm-last vce-col--sm-first vce-col--md-last vce-col--lg-last vce-col--xl-last vce-col--md-first vce-col--lg-first vce-col--xl-first\" id=\"el-df44b950\"><div class=\"vce-col-inner\" data-vce-do-apply=\"border margin background  el-df44b950\"><div class=\"vce-col-content\" data-vce-element-content=\"true\" data-vce-do-apply=\"padding el-df44b950\"><div class=\"vce vce-separator-container vce-separator--align-center vce-separator--style-shadow\" id=\"el-2e23465b\" data-vce-do-apply=\"margin el-2e23465b\"><div class=\"vce-separator vce-separator--color-bfc0c1 vce-separator--width-100 vce-separator--thickness-10\" data-vce-do-apply=\"border padding background  el-2e23465b\"><div class=\"vce-separator-shadow vce-separator-shadow-left\"><\/div><div class=\"vce-separator-shadow vce-separator-shadow-right\"><\/div><\/div><\/div><\/div><\/div><\/div><\/div><\/div><\/div><div class=\"vce-row-container\"><div class=\"vce-row vce-row--col-gap-30 vce-row-columns--top vce-row-content--top\" id=\"el-16d069ba\" data-vce-do-apply=\"all el-16d069ba\"><div class=\"vce-row-content\" data-vce-element-content=\"true\"><div class=\"vce-col vce-col--md-auto vce-col--xs-1 vce-col--xs-last vce-col--xs-first vce-col--sm-last vce-col--sm-first vce-col--md-last vce-col--lg-last vce-col--xl-last vce-col--md-first vce-col--lg-first vce-col--xl-first\" id=\"el-72924088\"><div class=\"vce-col-inner\" data-vce-do-apply=\"border margin background  el-72924088\"><div class=\"vce-col-content\" data-vce-element-content=\"true\" data-vce-do-apply=\"padding el-72924088\"><div class=\"vce-single-image-container vce-single-image--align-center\"><div class=\"vce vce-single-image-wrapper\" id=\"el-cd5d2ed7\" data-vce-do-apply=\"all el-cd5d2ed7\" data-vce-animate=\"vce-o-animate--rotateIn\"><figure><div class=\"vce-single-image-inner vce-single-image--absolute vce-single-image-zoom-container vce-single-image--border-round\" style=\"padding-bottom: 100%; width: 396px; position: relative; overflow: hidden;\"><img class=\"vce-single-image\" width=\"396\" height=\"396\"src=\"https:\/\/europeci.com\/wp-content\/uploads\/2020\/11\/IMG_2273-2-e1606148771998-396x396.jpg\" srcset=\"https:\/\/europeci.com\/wp-content\/uploads\/2020\/11\/IMG_2273-2-e1606148771998-320x320.jpg 320w,https:\/\/europeci.com\/wp-content\/uploads\/2020\/11\/IMG_2273-2-e1606148771998-396x396.jpg 396w\" data-img-src=\"https:\/\/europeci.com\/wp-content\/uploads\/2020\/11\/IMG_2273-2-e1606148771998.jpg\" alt=\"\" title=\"IMG_2273\" \/><img decoding=\"async\" src=\"https:\/\/europeci.com\/wp-content\/uploads\/2020\/11\/IMG_2273-2-e1606148771998.jpg\" class=\"zoomImg\" style=\"position: absolute; top: 0px; left: 0px; opacity: 0; width: 596px; height: 396px; border: none; max-width: none; max-height: none;\"><\/div><figcaption hidden=\"\"><\/figcaption><\/figure><\/div><\/div><\/div><\/div><\/div><\/div><\/div><\/div><div class=\"vce-row-container\"><div class=\"vce-row vce-row--col-gap-30 vce-row-columns--top vce-row-content--top\" id=\"el-76421e50\" data-vce-do-apply=\"all el-76421e50\"><div class=\"vce-row-content\" data-vce-element-content=\"true\"><div class=\"vce-col vce-col--md-auto vce-col--xs-1 vce-col--xs-last vce-col--xs-first vce-col--sm-last vce-col--sm-first vce-col--md-last vce-col--lg-last vce-col--xl-last vce-col--md-first vce-col--lg-first vce-col--xl-first\" id=\"el-c177564e\"><div class=\"vce-col-inner\" data-vce-do-apply=\"border margin background  el-c177564e\"><div class=\"vce-col-content\" data-vce-element-content=\"true\" data-vce-do-apply=\"padding el-c177564e\"><div class=\"vce vce-separator-container vce-separator--align-center vce-separator--style-shadow\" id=\"el-90544f1b\" data-vce-do-apply=\"margin el-90544f1b\"><div class=\"vce-separator vce-separator--color-bfc0c1 vce-separator--width-100 vce-separator--thickness-10\" data-vce-do-apply=\"border padding background  el-90544f1b\"><div class=\"vce-separator-shadow vce-separator-shadow-left\"><\/div><div class=\"vce-separator-shadow vce-separator-shadow-right\"><\/div><\/div><\/div><\/div><\/div><\/div><\/div><\/div><\/div>","protected":false},"excerpt":{"rendered":"<p>WATER BASE POLYURETHANEWATER BASE POLYURETHNANE SEALER Typography is the art and technique of arranging type to make written language legible, readable and appealing when displayed. The arrangement of type involves selecting typefaces, point size, line length, line-spacing (leading), letter-spacing (tracking), and adjusting the space within letters pairs (kerning).WATER BASE POLYURETHANE PRIMER Typography is the art [&hellip;]<\/p>\n","protected":false},"author":1,"featured_media":0,"parent":443,"menu_order":0,"comment_status":"closed","ping_status":"closed","template":"","meta":{"saved_in_kubio":false,"site-sidebar-layout":"default","site-content-layout":"","ast-site-content-layout":"default","site-content-style":"default","site-sidebar-style":"default","ast-global-header-display":"","ast-banner-title-visibility":"","ast-main-header-display":"","ast-hfb-above-header-display":"","ast-hfb-below-header-display":"","ast-hfb-mobile-header-display":"","site-post-title":"","ast-breadcrumbs-content":"","ast-featured-img":"","footer-sml-layout":"","ast-disable-related-posts":"","theme-transparent-header-meta":"","adv-header-id-meta":"","stick-header-meta":"","header-above-stick-meta":"","header-main-stick-meta":"","header-below-stick-meta":"","astra-migrate-meta-layouts":"default","ast-page-background-enabled":"default","ast-page-background-meta":{"desktop":{"background-color":"var(--ast-global-color-4)","background-image":"","background-repeat":"repeat","background-position":"center center","background-size":"auto","background-attachment":"scroll","background-type":"","background-media":"","overlay-type":"","overlay-color":"","overlay-opacity":"","overlay-gradient":""},"tablet":{"background-color":"","background-image":"","background-repeat":"repeat","background-position":"center center","background-size":"auto","background-attachment":"scroll","background-type":"","background-media":"","overlay-type":"","overlay-color":"","overlay-opacity":"","overlay-gradient":""},"mobile":{"background-color":"","background-image":"","background-repeat":"repeat","background-position":"center center","background-size":"auto","background-attachment":"scroll","background-type":"","background-media":"","overlay-type":"","overlay-color":"","overlay-opacity":"","overlay-gradient":""}},"ast-content-background-meta":{"desktop":{"background-color":"var(--ast-global-color-5)","background-image":"","background-repeat":"repeat","background-position":"center center","background-size":"auto","background-attachment":"scroll","background-type":"","background-media":"","overlay-type":"","overlay-color":"","overlay-opacity":"","overlay-gradient":""},"tablet":{"background-color":"var(--ast-global-color-5)","background-image":"","background-repeat":"repeat","background-position":"center center","background-size":"auto","background-attachment":"scroll","background-type":"","background-media":"","overlay-type":"","overlay-color":"","overlay-opacity":"","overlay-gradient":""},"mobile":{"background-color":"var(--ast-global-color-5)","background-image":"","background-repeat":"repeat","background-position":"center center","background-size":"auto","background-attachment":"scroll","background-type":"","background-media":"","overlay-type":"","overlay-color":"","overlay-opacity":"","overlay-gradient":""}},"footnotes":""},"class_list":["post-459","page","type-page","status-publish","hentry"],"kubio_ai_page_context":{"short_desc":"","purpose":"general"},"_links":{"self":[{"href":"https:\/\/europeci.com\/es\/wp-json\/wp\/v2\/pages\/459","targetHints":{"allow":["GET"]}}],"collection":[{"href":"https:\/\/europeci.com\/es\/wp-json\/wp\/v2\/pages"}],"about":[{"href":"https:\/\/europeci.com\/es\/wp-json\/wp\/v2\/types\/page"}],"author":[{"embeddable":true,"href":"https:\/\/europeci.com\/es\/wp-json\/wp\/v2\/users\/1"}],"replies":[{"embeddable":true,"href":"https:\/\/europeci.com\/es\/wp-json\/wp\/v2\/comments?post=459"}],"version-history":[{"count":4,"href":"https:\/\/europeci.com\/es\/wp-json\/wp\/v2\/pages\/459\/revisions"}],"predecessor-version":[{"id":674,"href":"https:\/\/europeci.com\/es\/wp-json\/wp\/v2\/pages\/459\/revisions\/674"}],"up":[{"embeddable":true,"href":"https:\/\/europeci.com\/es\/wp-json\/wp\/v2\/pages\/443"}],"wp:attachment":[{"href":"https:\/\/europeci.com\/es\/wp-json\/wp\/v2\/media?parent=459"}],"curies":[{"name":"wp","href":"https:\/\/api.w.org\/{rel}","templated":true}]}}