{"id":456,"date":"2020-11-05T16:51:58","date_gmt":"2020-11-05T16:51:58","guid":{"rendered":"http:\/\/europeci.com\/?page_id=456"},"modified":"2021-08-02T15:47:21","modified_gmt":"2021-08-02T15:47:21","slug":"exterior-polyurethane","status":"publish","type":"page","link":"https:\/\/europeci.com\/es\/products\/exterior-polyurethane\/","title":{"rendered":"POLIURETANO EXTERIOR"},"content":{"rendered":"<div class=\"vce-row-container\" data-vce-boxed-width=\"true\"><div class=\"vce-row vce-row--col-gap-30 vce-row-content--top\" id=\"el-92761af9\" data-vce-do-apply=\"all el-92761af9\"><div class=\"vce-row-content\" data-vce-element-content=\"true\"><div class=\"vce-col vce-col--md-auto vce-col--xs-1 vce-col--xs-last vce-col--xs-first vce-col--sm-last vce-col--sm-first vce-col--md-last vce-col--lg-last vce-col--xl-last vce-col--md-first vce-col--lg-first vce-col--xl-first\" id=\"el-e4f4f9da\"><div class=\"vce-col-inner\" data-vce-do-apply=\"border margin background  el-e4f4f9da\"><div class=\"vce-col-content\" data-vce-element-content=\"true\" data-vce-do-apply=\"padding el-e4f4f9da\"><div class=\"vce-google-fonts-heading vce-google-fonts-heading--align-left vce-google-fonts-heading--gradient-empty--55--b-231-223-3--b-255-62-0 vce-google-fonts-heading--font-family-Krona-One\"><div class=\"vce-google-fonts-heading-wrapper\"><div class=\"vce-google-fonts-heading--background vce\" id=\"el-23c5e460\" data-vce-do-apply=\"border background  padding margin el-23c5e460\"><h1 class=\"vce-google-fonts-heading-inner\" style=\"font-weight: 400;\">TOP COAT EXTERIOR<\/h1><\/div><\/div><\/div><\/div><\/div><\/div><\/div><\/div><\/div><div class=\"vce-row-container\" data-vce-boxed-width=\"true\"><div class=\"vce-row vce-row--col-gap-30 vce-row-content--top\" id=\"el-c911e441\" data-vce-do-apply=\"all el-c911e441\"><div class=\"vce-row-content\" data-vce-element-content=\"true\"><div class=\"vce-col vce-col--md-auto vce-col--xs-1 vce-col--xs-last vce-col--xs-first vce-col--sm-last vce-col--sm-first vce-col--md-first vce-col--lg-first vce-col--xl-first\" id=\"el-18b06a71\"><div class=\"vce-col-inner\" data-vce-do-apply=\"border margin background  el-18b06a71\"><div class=\"vce-col-content\" data-vce-element-content=\"true\" data-vce-do-apply=\"padding el-18b06a71\"><div class=\"vce-text-block\"><div class=\"vce-text-block-wrapper vce\" id=\"el-e20d9563\" data-vce-do-apply=\"all el-e20d9563\"><h2><span style=\"color: #ad2d2d;\">TOP COAT EXTERIOR<\/span><\/h2><p>Capa superior acr\u00edlica incolora bicomponente con una excelente elasticidad y una suavidad sedosa al tacto, este producto contiene aditivos ign\u00edfugos y filtros UV para la protecci\u00f3n contra la radiaci\u00f3n solar. Se puede utilizar en barnizado interior de madera, exterior dom\u00e9stico (ba\u00f1o, cocina, interior, naval y muebles) entre otros.<\/p><\/div><\/div><\/div><\/div><\/div><div class=\"vce-col vce-col--md-auto vce-col--xs-1 vce-col--xs-last vce-col--xs-first vce-col--sm-last vce-col--sm-first vce-col--md-last vce-col--lg-last vce-col--xl-last\" id=\"el-82d19184\"><div class=\"vce-col-inner\" data-vce-do-apply=\"border margin background  el-82d19184\"><div class=\"vce-col-content\" data-vce-element-content=\"true\" data-vce-do-apply=\"padding el-82d19184\"><div class=\"vce-text-block\"><div class=\"vce-text-block-wrapper vce\" id=\"el-11493ae6\" data-vce-do-apply=\"all el-11493ae6\"><h2><span style=\"font-weight: bold; font-style: normal; color: #a82525;\">BASE DE EXTERIOR<\/span><\/h2><p>Esta capa inferior bicomponente de poliuretano incolora  tiene una resistencia al hundimiento vertical y una capacidad de llenado, f\u00e1cil de lijar a mano o a m\u00e1quina con una excelente transparencia y aditivos ign\u00edfugos. Estos productos se utilizan en la mayor\u00eda de los muebles exteriores,  z\u00f3calos para la construcci\u00f3n y marcos de arte.<\/p><\/div><\/div><\/div><\/div><\/div><\/div><\/div><\/div><div class=\"vce-row-container\" data-vce-boxed-width=\"true\"><div class=\"vce-row vce-row--col-gap-30 vce-row-content--top\" id=\"el-e6635130\" data-vce-do-apply=\"all el-e6635130\"><div class=\"vce-row-content\" data-vce-element-content=\"true\"><div class=\"vce-col vce-col--md-auto vce-col--xs-1 vce-col--xs-last vce-col--xs-first vce-col--sm-last vce-col--sm-first vce-col--md-last vce-col--lg-last vce-col--xl-last vce-col--md-first vce-col--lg-first vce-col--xl-first\" id=\"el-92185c26\"><div class=\"vce-col-inner\" data-vce-do-apply=\"border margin background  el-92185c26\"><div class=\"vce-col-content\" data-vce-element-content=\"true\" data-vce-do-apply=\"padding el-92185c26\"><div class=\"vce vce-separator-container vce-separator--align-center vce-separator--style-shadow\" id=\"el-f5081a31\" data-vce-do-apply=\"margin el-f5081a31\"><div class=\"vce-separator vce-separator--color-bfc0c1 vce-separator--width-100 vce-separator--thickness-10\" data-vce-do-apply=\"border padding background  el-f5081a31\"><div class=\"vce-separator-shadow vce-separator-shadow-left\"><\/div><div class=\"vce-separator-shadow vce-separator-shadow-right\"><\/div><\/div><\/div><\/div><\/div><\/div><\/div><\/div><\/div><div class=\"vce-row-container\" data-vce-boxed-width=\"true\"><div class=\"vce-row vce-row--col-gap-30 vce-row-content--top\" id=\"el-b2f56459\" data-vce-do-apply=\"all el-b2f56459\"><div class=\"vce-row-content\" data-vce-element-content=\"true\"><div class=\"vce-col vce-col--md-auto vce-col--xs-1 vce-col--xs-last vce-col--xs-first vce-col--sm-last vce-col--sm-first vce-col--md-last vce-col--lg-last vce-col--xl-last vce-col--md-first vce-col--lg-first vce-col--xl-first\" id=\"el-b853e618\"><div class=\"vce-col-inner\" data-vce-do-apply=\"border margin background  el-b853e618\"><div class=\"vce-col-content\" data-vce-element-content=\"true\" data-vce-do-apply=\"padding el-b853e618\"><div class=\"vce-single-image-container vce-single-image--align-center\"><div class=\"vce vce-single-image-wrapper\" id=\"el-15ea5542\" data-vce-do-apply=\"all el-15ea5542\" data-vce-animate=\"vce-o-animate--flash\"><figure><div class=\"vce-single-image-inner vce-single-image--absolute vce-single-image-zoom-container vce-single-image--border-round\" style=\"padding-bottom: 100%; width: 396px; position: relative; overflow: hidden;\"><img loading=\"lazy\" decoding=\"async\" class=\"vce-single-image vcv-lozad\" data-src=\"https:\/\/europeci.com\/wp-content\/uploads\/2020\/11\/IMG_2265-4-2-e1606147756242.png\" width=\"396\" height=\"396\" src=\"\" data-img-src=\"https:\/\/europeci.com\/wp-content\/uploads\/2020\/11\/IMG_2265-4-2-e1606147756242.png\" alt=\"\" title=\"IMG_2265 (4)\" \/><noscript>\n        <img loading=\"lazy\" decoding=\"async\" class=\"vce-single-image\" src=\"https:\/\/europeci.com\/wp-content\/uploads\/2020\/11\/IMG_2265-4-2-e1606147756242.png\" width=\"396\" height=\"396\" alt=\"\" title=\"IMG_2265 (4)\" \/>\n      <\/noscript><img decoding=\"async\" src=\"https:\/\/europeci.com\/wp-content\/uploads\/2020\/11\/IMG_2265-4-2-e1606147756242.png\" class=\"zoomImg\" style=\"position: absolute; top: 0px; left: 0px; opacity: 0; width: 579px; height: 396px; border: none; max-width: none; max-height: none;\"><\/div><figcaption hidden=\"\"><\/figcaption><\/figure><\/div><\/div><\/div><\/div><\/div><\/div><\/div><\/div><div class=\"vce-row-container\" data-vce-boxed-width=\"true\"><div class=\"vce-row vce-row--col-gap-30 vce-row-content--top\" id=\"el-cf4c34c3\" data-vce-do-apply=\"all el-cf4c34c3\"><div class=\"vce-row-content\" data-vce-element-content=\"true\"><div class=\"vce-col vce-col--md-auto vce-col--xs-1 vce-col--xs-last vce-col--xs-first vce-col--sm-last vce-col--sm-first vce-col--md-last vce-col--lg-last vce-col--xl-last vce-col--md-first vce-col--lg-first vce-col--xl-first\" id=\"el-f82e29ab\"><div class=\"vce-col-inner\" data-vce-do-apply=\"border margin background  el-f82e29ab\"><div class=\"vce-col-content\" data-vce-element-content=\"true\" data-vce-do-apply=\"padding el-f82e29ab\"><div class=\"vce vce-separator-container vce-separator--align-center vce-separator--style-shadow\" id=\"el-907a11f9\" data-vce-do-apply=\"margin el-907a11f9\"><div class=\"vce-separator vce-separator--color-bfc0c1 vce-separator--width-100 vce-separator--thickness-10\" data-vce-do-apply=\"border padding background  el-907a11f9\"><div class=\"vce-separator-shadow vce-separator-shadow-left\"><\/div><div class=\"vce-separator-shadow vce-separator-shadow-right\"><\/div><\/div><\/div><\/div><\/div><\/div><\/div><\/div><\/div>","protected":false},"excerpt":{"rendered":"<p>EXTERIOR TOP COATEXTERIOR TOP COATBi-component colorless acrylic topcoat with an excellent elasticity and a silky smoothness to the touch, this product contains flame retardant additives and UV filters for protection against solar radiation. It can be use on interior wodd varnishing, exterior domestic (bathroom, kitchen, indoor and naval) outdoor furniture among others.EXTERIOR BASE COATThis Bi-component [&hellip;]<\/p>\n","protected":false},"author":1,"featured_media":0,"parent":443,"menu_order":0,"comment_status":"closed","ping_status":"closed","template":"","meta":{"saved_in_kubio":false,"site-sidebar-layout":"default","site-content-layout":"","ast-site-content-layout":"default","site-content-style":"default","site-sidebar-style":"default","ast-global-header-display":"","ast-banner-title-visibility":"","ast-main-header-display":"","ast-hfb-above-header-display":"","ast-hfb-below-header-display":"","ast-hfb-mobile-header-display":"","site-post-title":"","ast-breadcrumbs-content":"","ast-featured-img":"","footer-sml-layout":"","ast-disable-related-posts":"","theme-transparent-header-meta":"","adv-header-id-meta":"","stick-header-meta":"","header-above-stick-meta":"","header-main-stick-meta":"","header-below-stick-meta":"","astra-migrate-meta-layouts":"default","ast-page-background-enabled":"default","ast-page-background-meta":{"desktop":{"background-color":"var(--ast-global-color-4)","background-image":"","background-repeat":"repeat","background-position":"center center","background-size":"auto","background-attachment":"scroll","background-type":"","background-media":"","overlay-type":"","overlay-color":"","overlay-opacity":"","overlay-gradient":""},"tablet":{"background-color":"","background-image":"","background-repeat":"repeat","background-position":"center center","background-size":"auto","background-attachment":"scroll","background-type":"","background-media":"","overlay-type":"","overlay-color":"","overlay-opacity":"","overlay-gradient":""},"mobile":{"background-color":"","background-image":"","background-repeat":"repeat","background-position":"center center","background-size":"auto","background-attachment":"scroll","background-type":"","background-media":"","overlay-type":"","overlay-color":"","overlay-opacity":"","overlay-gradient":""}},"ast-content-background-meta":{"desktop":{"background-color":"var(--ast-global-color-5)","background-image":"","background-repeat":"repeat","background-position":"center center","background-size":"auto","background-attachment":"scroll","background-type":"","background-media":"","overlay-type":"","overlay-color":"","overlay-opacity":"","overlay-gradient":""},"tablet":{"background-color":"var(--ast-global-color-5)","background-image":"","background-repeat":"repeat","background-position":"center center","background-size":"auto","background-attachment":"scroll","background-type":"","background-media":"","overlay-type":"","overlay-color":"","overlay-opacity":"","overlay-gradient":""},"mobile":{"background-color":"var(--ast-global-color-5)","background-image":"","background-repeat":"repeat","background-position":"center center","background-size":"auto","background-attachment":"scroll","background-type":"","background-media":"","overlay-type":"","overlay-color":"","overlay-opacity":"","overlay-gradient":""}},"footnotes":""},"class_list":["post-456","page","type-page","status-publish","hentry"],"kubio_ai_page_context":{"short_desc":"","purpose":"general"},"_links":{"self":[{"href":"https:\/\/europeci.com\/es\/wp-json\/wp\/v2\/pages\/456","targetHints":{"allow":["GET"]}}],"collection":[{"href":"https:\/\/europeci.com\/es\/wp-json\/wp\/v2\/pages"}],"about":[{"href":"https:\/\/europeci.com\/es\/wp-json\/wp\/v2\/types\/page"}],"author":[{"embeddable":true,"href":"https:\/\/europeci.com\/es\/wp-json\/wp\/v2\/users\/1"}],"replies":[{"embeddable":true,"href":"https:\/\/europeci.com\/es\/wp-json\/wp\/v2\/comments?post=456"}],"version-history":[{"count":9,"href":"https:\/\/europeci.com\/es\/wp-json\/wp\/v2\/pages\/456\/revisions"}],"predecessor-version":[{"id":785,"href":"https:\/\/europeci.com\/es\/wp-json\/wp\/v2\/pages\/456\/revisions\/785"}],"up":[{"embeddable":true,"href":"https:\/\/europeci.com\/es\/wp-json\/wp\/v2\/pages\/443"}],"wp:attachment":[{"href":"https:\/\/europeci.com\/es\/wp-json\/wp\/v2\/media?parent=456"}],"curies":[{"name":"wp","href":"https:\/\/api.w.org\/{rel}","templated":true}]}}