{"id":443,"date":"2020-11-05T15:41:30","date_gmt":"2020-11-05T15:41:30","guid":{"rendered":"http:\/\/europeci.com\/?page_id=443"},"modified":"2021-02-22T21:37:58","modified_gmt":"2021-02-22T21:37:58","slug":"products","status":"publish","type":"page","link":"https:\/\/europeci.com\/es\/products\/","title":{"rendered":"Productos"},"content":{"rendered":"<section class=\"wp-block-themeisle-blocks-advanced-columns alignfull has-1-columns has-desktop-equal-layout has-tablet-equal-layout has-mobile-equal-layout has-nogap-gap has-vertical-flex-start\" id=\"wp-block-themeisle-blocks-advanced-columns-94dec1f4\"><div class=\"wp-block-themeisle-blocks-advanced-columns-overlay\"><\/div><div class=\"innerblocks-wrap\">\n<div class=\"wp-block-themeisle-blocks-advanced-column\" id=\"wp-block-themeisle-blocks-advanced-column-7b0444df\">\n<h1 class=\"has-text-align-left wp-block-heading\"><strong><em>POLIURETANO<\/em><\/strong><\/h1>\n\n\n\n<section class=\"wp-block-themeisle-blocks-advanced-columns has-2-columns has-desktop-equal-layout has-tablet-equal-layout has-mobile-collapsedRows-layout has-nogap-gap has-vertical-center has-reverse-columns-mobile\" id=\"wp-block-themeisle-blocks-advanced-columns-1727ab75\"><div class=\"wp-block-themeisle-blocks-advanced-columns-overlay\"><\/div><div class=\"innerblocks-wrap\">\n<div class=\"wp-block-themeisle-blocks-advanced-column\" id=\"wp-block-themeisle-blocks-advanced-column-28d31c74\">\n<p id=\"http:\/\/europeci.com\/products\/interior-polyurethane\/\" style=\"font-size:22px\"><strong><em>INTERIOR<\/em><\/strong><\/p>\n\n\n\n<p class=\"has-text-align-left\" style=\"font-size:17px\">Cuando hablamos de pintura poliuretano esta es una de las m\u00e1s resistentes del mercado. Ahora en el interior vemos la belleza y los mayores niveles de brillo que pueden ofrecer estos productos.<\/p>\n\n\n\n<p style=\"font-size:1px\"><\/p>\n\n\n\n<div class=\"wp-block-buttons aligncenter is-layout-flex wp-block-buttons-is-layout-flex\">\n<div class=\"wp-block-button is-style-outline is-style-outline--1\"><a class=\"wp-block-button__link has-white-color has-luminous-vivid-amber-background-color has-text-color has-background\" href=\"http:\/\/europeci.com\/es\/products\/interior-polyurethane\/\">Productos<\/a><\/div>\n<\/div>\n\n\n\n<p style=\"font-size:1px\"><\/p>\n<\/div>\n\n\n\n<div class=\"wp-block-themeisle-blocks-advanced-column\" id=\"wp-block-themeisle-blocks-advanced-column-f968dc4e\">\n<figure class=\"wp-block-image size-large ticss-0c5bbe67 is-style-rounded\"><a href=\"http:\/\/europeci.com\/es\/products\/interior-polyurethane\/\"><img loading=\"lazy\" decoding=\"async\" width=\"1000\" height=\"664\" src=\"http:\/\/europeci.com\/wp-content\/uploads\/2020\/11\/IMG_2274.jpg\" alt=\"\" class=\"wp-image-487\" srcset=\"https:\/\/europeci.com\/wp-content\/uploads\/2020\/11\/IMG_2274.jpg 1000w, https:\/\/europeci.com\/wp-content\/uploads\/2020\/11\/IMG_2274-300x199.jpg 300w, https:\/\/europeci.com\/wp-content\/uploads\/2020\/11\/IMG_2274-768x510.jpg 768w\" sizes=\"(max-width: 1000px) 100vw, 1000px\" \/><\/a><\/figure>\n<\/div>\n<\/div><\/section>\n\n\n\n<section class=\"wp-block-themeisle-blocks-advanced-columns has-2-columns has-desktop-equal-layout has-tablet-equal-layout has-mobile-collapsedRows-layout has-nogap-gap has-vertical-center\" id=\"wp-block-themeisle-blocks-advanced-columns-696626d6\"><div class=\"wp-block-themeisle-blocks-advanced-columns-overlay\"><\/div><div class=\"innerblocks-wrap\">\n<div class=\"wp-block-themeisle-blocks-advanced-column\" id=\"wp-block-themeisle-blocks-advanced-column-ee624f6a\">\n<figure class=\"wp-block-image size-large ticss-fab6ef94 is-style-rounded\"><a href=\"http:\/\/europeci.com\/es\/products\/exterior-polyurethane\/\"><img loading=\"lazy\" decoding=\"async\" width=\"608\" height=\"416\" src=\"http:\/\/europeci.com\/wp-content\/uploads\/2020\/11\/IMG_2265-4.png\" alt=\"\" class=\"wp-image-484\" srcset=\"https:\/\/europeci.com\/wp-content\/uploads\/2020\/11\/IMG_2265-4.png 608w, https:\/\/europeci.com\/wp-content\/uploads\/2020\/11\/IMG_2265-4-300x205.png 300w\" sizes=\"(max-width: 608px) 100vw, 608px\" \/><\/a><\/figure>\n<\/div>\n\n\n\n<div class=\"wp-block-themeisle-blocks-advanced-column\" id=\"wp-block-themeisle-blocks-advanced-column-40861855\">\n<p style=\"font-size:22px\"><strong><em>EXTERIOR<\/em><\/strong><\/p>\n\n\n\n<p style=\"font-size:17px\">Ya sabemos lo fuerte y eficiente que puede ser el poliuretano en los proyectos de interior y nos encanta, pero cuando escogemos para ver su lado exterior vemos la resistencia a la intemperie, el sol, el viento y las precipitaciones.<\/p>\n\n\n\n<div class=\"wp-block-buttons is-layout-flex wp-block-buttons-is-layout-flex\">\n<div class=\"wp-block-button is-style-outline is-style-outline--2\"><a class=\"wp-block-button__link has-white-color has-luminous-vivid-amber-background-color has-text-color has-background\" href=\"http:\/\/europeci.com\/es\/products\/exterior-polyurethane\/\">Productos<\/a><\/div>\n<\/div>\n<\/div>\n<\/div><\/section>\n<\/div>\n<\/div><\/section>\n\n\n\n<div style=\"height:60px\" aria-hidden=\"true\" class=\"wp-block-spacer\"><\/div>\n\n\n\n<h2 class=\"has-black-color has-pale-cyan-blue-background-color has-text-color has-background wp-block-heading\">POLIURETANO EN BASE DE AGUA<\/h2>\n\n\n\n<section class=\"wp-block-themeisle-blocks-advanced-columns alignfull has-2-columns has-desktop-equal-layout has-tablet-equal-layout has-mobile-collapsedRows-layout has-nogap-gap has-vertical-center\" id=\"wp-block-themeisle-blocks-advanced-columns-9c0065da\"><div class=\"wp-block-themeisle-blocks-advanced-columns-overlay\"><\/div><div class=\"innerblocks-wrap\">\n<div class=\"wp-block-themeisle-blocks-advanced-column\" id=\"wp-block-themeisle-blocks-advanced-column-697ebf54\">\n<div id=\"wp-block-themeisle-blocks-advanced-heading-8951cf2c\" class=\"wp-block-themeisle-blocks-advanced-heading wp-block-themeisle-blocks-advanced-heading-8951cf2c\"><strong><strong><em>INTERIOR<\/em><\/strong><\/strong><br><br><\/div>\n\n\n\n<p class=\"has-text-align-left\">Colourless, odorless water-based undercoat for interiors. Easy hand sanding. Interior wood varnishing for kitchen cabinets, furnitures, doors, &#8230; all wooden products. Smooth and silky to the touch. Water-repellent, contains additives and waxes that repel<br>water.<\/p>\n\n\n\n<div class=\"wp-block-buttons is-layout-flex wp-block-buttons-is-layout-flex\">\n<div class=\"wp-block-button\"><a class=\"wp-block-button__link has-pale-cyan-blue-background-color has-background\" href=\"http:\/\/europeci.com\/es\/products\/interior-water-based-polyurethane\/\">Productos<\/a><\/div>\n<\/div>\n<\/div>\n\n\n\n<div class=\"wp-block-themeisle-blocks-advanced-column\" id=\"wp-block-themeisle-blocks-advanced-column-e4a1c7c9\">\n<figure class=\"wp-block-image size-large is-style-rounded\"><img loading=\"lazy\" decoding=\"async\" width=\"640\" height=\"478\" src=\"http:\/\/europeci.com\/wp-content\/uploads\/2020\/11\/IMG_E2270-4.jpg\" alt=\"\" class=\"wp-image-635\" srcset=\"https:\/\/europeci.com\/wp-content\/uploads\/2020\/11\/IMG_E2270-4.jpg 640w, https:\/\/europeci.com\/wp-content\/uploads\/2020\/11\/IMG_E2270-4-300x224.jpg 300w, https:\/\/europeci.com\/wp-content\/uploads\/2020\/11\/IMG_E2270-4-285x214.jpg 285w\" sizes=\"(max-width: 640px) 100vw, 640px\" \/><\/figure>\n<\/div>\n<\/div><\/section>\n\n\n\n<div style=\"height:60px\" aria-hidden=\"true\" class=\"wp-block-spacer\"><\/div>\n\n\n\n<div class=\"wp-block-buttons is-layout-flex wp-block-buttons-is-layout-flex\"><\/div>\n\n\n\n<section class=\"wp-block-themeisle-blocks-advanced-columns alignfull has-1-columns has-desktop-equal-layout has-tablet-equal-layout has-mobile-equal-layout has-nogap-gap has-vertical-flex-start\" id=\"wp-block-themeisle-blocks-advanced-columns-04ce83e9\"><div class=\"wp-block-themeisle-blocks-advanced-columns-overlay\"><\/div><div class=\"innerblocks-wrap\">\n<div class=\"wp-block-themeisle-blocks-advanced-column\" id=\"wp-block-themeisle-blocks-advanced-column-e2aad377\">\n<h2 class=\"has-text-align-left wp-block-heading\">BASE DE AGUA<\/h2>\n\n\n\n<section class=\"wp-block-themeisle-blocks-advanced-columns has-2-columns has-desktop-equal-layout has-tablet-equal-layout has-mobile-collapsedRows-layout has-nogap-gap has-vertical-center has-reverse-columns-mobile\" id=\"wp-block-themeisle-blocks-advanced-columns-61a150a3\"><div class=\"wp-block-themeisle-blocks-advanced-columns-overlay\"><\/div><div class=\"innerblocks-wrap\">\n<div class=\"wp-block-themeisle-blocks-advanced-column\" id=\"wp-block-themeisle-blocks-advanced-column-628215ab\">\n<div id=\"wp-block-themeisle-blocks-advanced-heading-e6417426\" class=\"wp-block-themeisle-blocks-advanced-heading wp-block-themeisle-blocks-advanced-heading-e6417426\"><strong><em>INTERIOR<\/em><\/strong><\/div>\n\n\n\n<p><\/p>\n\n\n\n<p>Los campos de aplicaci\u00f3n de productos a base de agua son diversos: madera, metal, PVC, vidrio, piedra, cemento impreso, microcemento decorativo. Es por eso que tomamos importancia en d\u00f3nde se utilizar\u00e1 el producto en la pantalla interior. Europe Coating Industries le ofrece la l\u00ednea perfecta. <strong>&nbsp;<\/strong>wood, metal, PVC, glass, stone, printed cement, decorative microcement<strong>.<\/strong> That&#8217;s why we took importance in where de product will be used in the interior display Europe Coating Industries offer you the perfect line.<\/p>\n\n\n\n<div class=\"wp-block-buttons is-layout-flex wp-block-buttons-is-layout-flex\">\n<div class=\"wp-block-button is-style-outline is-style-outline--3\"><a class=\"wp-block-button__link has-white-color has-vivid-cyan-blue-background-color has-text-color has-background\" href=\"http:\/\/europeci.com\/es\/products\/interior-water-based\/\">Productos<\/a><\/div>\n<\/div>\n\n\n\n<p class=\"has-text-align-left\" style=\"font-size:1px\"><\/p>\n<\/div>\n\n\n\n<div class=\"wp-block-themeisle-blocks-advanced-column\" id=\"wp-block-themeisle-blocks-advanced-column-4db9ef6a\">\n<figure class=\"wp-block-image size-large is-resized ticss-0c5bbe67 is-style-rounded\"><a href=\"http:\/\/europeci.com\/es\/products\/interior-water-based\/\"><img loading=\"lazy\" decoding=\"async\" src=\"http:\/\/europeci.com\/wp-content\/uploads\/2020\/11\/7-2.jpg\" alt=\"\" class=\"wp-image-489\" width=\"420\" height=\"274\" srcset=\"https:\/\/europeci.com\/wp-content\/uploads\/2020\/11\/7-2.jpg 640w, https:\/\/europeci.com\/wp-content\/uploads\/2020\/11\/7-2-300x196.jpg 300w\" sizes=\"(max-width: 420px) 100vw, 420px\" \/><\/a><\/figure>\n<\/div>\n<\/div><\/section>\n\n\n\n<section class=\"wp-block-themeisle-blocks-advanced-columns has-2-columns has-desktop-equal-layout has-tablet-equal-layout has-mobile-collapsedRows-layout has-nogap-gap has-vertical-center\" id=\"wp-block-themeisle-blocks-advanced-columns-73be8384\"><div class=\"wp-block-themeisle-blocks-advanced-columns-overlay\"><\/div><div class=\"innerblocks-wrap\">\n<div class=\"wp-block-themeisle-blocks-advanced-column\" id=\"wp-block-themeisle-blocks-advanced-column-3f4a1d76\">\n<figure class=\"wp-block-image size-large is-resized ticss-fab6ef94 is-style-rounded\"><a href=\"http:\/\/europeci.com\/es\/products\/exterior-water-based\/\"><img loading=\"lazy\" decoding=\"async\" src=\"http:\/\/europeci.com\/wp-content\/uploads\/2020\/11\/PRODUCTS.jpg\" alt=\"\" class=\"wp-image-471\" width=\"604\" height=\"216\"\/><\/a><\/figure>\n<\/div>\n\n\n\n<div class=\"wp-block-themeisle-blocks-advanced-column\" id=\"wp-block-themeisle-blocks-advanced-column-bebc9249\">\n<div id=\"wp-block-themeisle-blocks-advanced-heading-3fb3640b\" class=\"wp-block-themeisle-blocks-advanced-heading wp-block-themeisle-blocks-advanced-heading-3fb3640b\"><strong><em>EXTERIOR<\/em><\/strong><\/div>\n\n\n\n<p><\/p>\n\n\n\n<p>Estamos comprometidos con la protecci\u00f3n del medio ambiente y la seguridad de nuestros clientes por eso ofrecemos la l\u00ednea de barnices al agua para exterior, bajo el nombre de hidromar.<\/p>\n\n\n\n<div class=\"wp-block-buttons is-layout-flex wp-block-buttons-is-layout-flex\">\n<div class=\"wp-block-button is-style-outline is-style-outline--4\"><a class=\"wp-block-button__link has-white-color has-vivid-cyan-blue-background-color has-text-color has-background\" href=\"http:\/\/europeci.com\/es\/products\/exterior-water-based\/\">Productos<\/a><\/div>\n<\/div>\n\n\n\n<p style=\"font-size:1px\"><\/p>\n<\/div>\n<\/div><\/section>\n<\/div>\n<\/div><\/section>\n\n\n\n<div style=\"height:60px\" aria-hidden=\"true\" class=\"wp-block-spacer\"><\/div>\n\n\n\n<section class=\"wp-block-themeisle-blocks-advanced-columns alignfull has-1-columns has-desktop-equal-layout has-tablet-equal-layout has-mobile-equal-layout has-nogap-gap has-vertical-flex-start\" id=\"wp-block-themeisle-blocks-advanced-columns-06f2753a\"><div class=\"wp-block-themeisle-blocks-advanced-columns-overlay\"><\/div><div class=\"innerblocks-wrap\">\n<div class=\"wp-block-themeisle-blocks-advanced-column\" id=\"wp-block-themeisle-blocks-advanced-column-830f59eb\">\n<h2 class=\"has-text-align-left wp-block-heading\">DYES AND PIGMENTS<\/h2>\n\n\n\n<section class=\"wp-block-themeisle-blocks-advanced-columns has-2-columns has-desktop-equal-layout has-tablet-equal-layout has-mobile-collapsedRows-layout has-nogap-gap has-vertical-center has-reverse-columns-mobile\" id=\"wp-block-themeisle-blocks-advanced-columns-9783f279\"><div class=\"wp-block-themeisle-blocks-advanced-columns-overlay\"><\/div><div class=\"innerblocks-wrap\">\n<div class=\"wp-block-themeisle-blocks-advanced-column\" id=\"wp-block-themeisle-blocks-advanced-column-98001547\">\n<div id=\"wp-block-themeisle-blocks-advanced-heading-976b9283\" class=\"wp-block-themeisle-blocks-advanced-heading wp-block-themeisle-blocks-advanced-heading-976b9283\"><strong><em>TINTAS<\/em><\/strong><\/div>\n\n\n\n<p><\/p>\n\n\n\n<p>Nuestras l\u00edneas de tintes se suministran en concentraciones que facilitan el manejo y cubren todas las necesidades del mercado de tinci\u00f3n de madera para interiores. se trata de tintes muy transparentes con colores vivos y una excelente resistencia a la luz, as\u00ed como una fuerte resistencia al desvanecimiento. Basado en una dispersi\u00f3n pigmentaria en una resina y disolventes org\u00e1nicos, este producto puede ser considerado un producto no t\u00f3xico.<\/p>\n\n\n\n<div class=\"wp-block-buttons is-layout-flex wp-block-buttons-is-layout-flex\">\n<div class=\"wp-block-button is-style-outline is-style-outline--5\"><a class=\"wp-block-button__link has-white-color has-luminous-vivid-orange-background-color has-text-color has-background\" href=\"http:\/\/europeci.com\/es\/products\/dyes\/\">Productos<\/a><\/div>\n<\/div>\n\n\n\n<p class=\"has-text-align-left\" style=\"font-size:1px\"><\/p>\n<\/div>\n\n\n\n<div class=\"wp-block-themeisle-blocks-advanced-column\" id=\"wp-block-themeisle-blocks-advanced-column-1a82af94\">\n<figure class=\"wp-block-image size-large ticss-0c5bbe67 is-style-rounded\"><a href=\"http:\/\/europeci.com\/es\/products\/dyes\/\"><img decoding=\"async\" src=\"http:\/\/europeci.com\/wp-content\/uploads\/2020\/11\/WhatsApp-Image-2020-11-10-at-4.41.26-PM.jpeg\" alt=\"\" class=\"wp-image-559\"\/><\/a><\/figure>\n<\/div>\n<\/div><\/section>\n\n\n\n<section class=\"wp-block-themeisle-blocks-advanced-columns has-2-columns has-desktop-equal-layout has-tablet-equal-layout has-mobile-collapsedRows-layout has-nogap-gap has-vertical-center\" id=\"wp-block-themeisle-blocks-advanced-columns-ee9ba63d\"><div class=\"wp-block-themeisle-blocks-advanced-columns-overlay\"><\/div><div class=\"innerblocks-wrap\">\n<div class=\"wp-block-themeisle-blocks-advanced-column\" id=\"wp-block-themeisle-blocks-advanced-column-b1291643\">\n<figure class=\"wp-block-image size-large ticss-fab6ef94 is-style-rounded\"><a href=\"http:\/\/europeci.com\/es\/dyes\/\"><img decoding=\"async\" src=\"http:\/\/europeci.com\/wp-content\/uploads\/2020\/11\/WhatsApp-Image-2020-11-10-at-4.41.39-PM.jpeg\" alt=\"\" class=\"wp-image-560\"\/><\/a><\/figure>\n<\/div>\n\n\n\n<div class=\"wp-block-themeisle-blocks-advanced-column\" id=\"wp-block-themeisle-blocks-advanced-column-dfd42d1d\">\n<div id=\"wp-block-themeisle-blocks-advanced-heading-5f86ff99\" class=\"wp-block-themeisle-blocks-advanced-heading wp-block-themeisle-blocks-advanced-heading-5f86ff99\">PIGMENTOS<\/div>\n\n\n\n<p><\/p>\n\n\n\n<p>Este es un tinte concentrado a base de solvente, a base de colores complejos met\u00e1licos, disuelto en solventes org\u00e1nicos aptos para te\u00f1ir madera interior, esta es una concentraci\u00f3n formulada que cubre todas las necesidades del mercado para te\u00f1ir madera exterior. Estos tintes tienen alta transparencia, colores brillantes y buena resistencia a la luz.<\/p>\n\n\n\n<div class=\"wp-block-buttons is-layout-flex wp-block-buttons-is-layout-flex\">\n<div class=\"wp-block-button is-style-outline is-style-outline--6\"><a class=\"wp-block-button__link has-white-color has-luminous-vivid-orange-background-color has-text-color has-background\" href=\"http:\/\/europeci.com\/es\/dyes\/\">Productos<\/a><\/div>\n<\/div>\n\n\n\n<p style=\"font-size:1px\"><\/p>\n<\/div>\n<\/div><\/section>\n<\/div>\n<\/div><\/section>\n\n\n\n<div style=\"height:60px\" aria-hidden=\"true\" class=\"wp-block-spacer\"><\/div>\n\n\n\n<section class=\"wp-block-themeisle-blocks-advanced-columns alignfull has-1-columns has-desktop-equal-layout has-tablet-equal-layout has-mobile-equal-layout has-nogap-gap has-vertical-flex-start\" id=\"wp-block-themeisle-blocks-advanced-columns-93a0dc9f\"><div class=\"wp-block-themeisle-blocks-advanced-columns-overlay\"><\/div><div class=\"innerblocks-wrap\">\n<div class=\"wp-block-themeisle-blocks-advanced-column\" id=\"wp-block-themeisle-blocks-advanced-column-de7297ce\">\n<h2 class=\"has-text-align-left wp-block-heading\">ESPECIALIDADES Y OTROS<\/h2>\n\n\n\n<section class=\"wp-block-themeisle-blocks-advanced-columns has-2-columns has-desktop-equal-layout has-tablet-equal-layout has-mobile-collapsedRows-layout has-nogap-gap has-vertical-center has-reverse-columns-mobile\" id=\"wp-block-themeisle-blocks-advanced-columns-35f2a685\"><div class=\"wp-block-themeisle-blocks-advanced-columns-overlay\"><\/div><div class=\"innerblocks-wrap\">\n<div class=\"wp-block-themeisle-blocks-advanced-column\" id=\"wp-block-themeisle-blocks-advanced-column-53c5fd8c\">\n<div id=\"wp-block-themeisle-blocks-advanced-heading-4e057266\" class=\"wp-block-themeisle-blocks-advanced-heading wp-block-themeisle-blocks-advanced-heading-4e057266\"><strong><em>ESPECIALIDADES<\/em><\/strong><\/div>\n\n\n\n<p><\/p>\n\n\n\n<p>Los campos de aplicaci\u00f3n de productos a base de agua son diversos: madera, metal, PVC, vidrio, piedra, cemento impreso, microcemento decorativo. Es por eso que tomamos importancia en d\u00f3nde se utilizar\u00e1 el producto en la pantalla interior. Europe Coating Industries le ofrece la l\u00ednea perfecta. <strong>&nbsp;<\/strong>wood, metal, PVC, glass, stone, printed cement, decorative microcement<strong>.<\/strong> That&#8217;s why we took importance in where de product will be used in the interior display Europe Coating Industries offer you the perfect line.<\/p>\n\n\n\n<div class=\"wp-block-buttons is-layout-flex wp-block-buttons-is-layout-flex\">\n<div class=\"wp-block-button is-style-outline is-style-outline--7\"><a class=\"wp-block-button__link has-white-color has-vivid-red-background-color has-text-color has-background\" href=\"http:\/\/europeci.com\/es\/products\/specialties\/\">Productos<\/a><\/div>\n<\/div>\n\n\n\n<p class=\"has-text-align-left\" style=\"font-size:1px\"><\/p>\n<\/div>\n\n\n\n<div class=\"wp-block-themeisle-blocks-advanced-column\" id=\"wp-block-themeisle-blocks-advanced-column-cf47259f\">\n<figure class=\"wp-block-image size-large is-resized ticss-0c5bbe67 is-style-rounded\"><a href=\"http:\/\/europeci.com\/es\/products\/specialties\/\"><img loading=\"lazy\" decoding=\"async\" src=\"http:\/\/europeci.com\/wp-content\/uploads\/2020\/11\/WhatsApp-Image-2020-11-10-at-4.41.00-PM-1.jpeg\" alt=\"\" class=\"wp-image-589\" width=\"378\" height=\"429\"\/><\/a><\/figure>\n<\/div>\n<\/div><\/section>\n\n\n\n<section class=\"wp-block-themeisle-blocks-advanced-columns has-2-columns has-desktop-equal-layout has-tablet-equal-layout has-mobile-collapsedRows-layout has-nogap-gap has-vertical-center\" id=\"wp-block-themeisle-blocks-advanced-columns-48638819\"><div class=\"wp-block-themeisle-blocks-advanced-columns-overlay\"><\/div><div class=\"innerblocks-wrap\">\n<div class=\"wp-block-themeisle-blocks-advanced-column\" id=\"wp-block-themeisle-blocks-advanced-column-f293e22f\">\n<figure class=\"wp-block-image size-large ticss-fab6ef94 is-style-rounded\"><a href=\"http:\/\/europeci.com\/es\/others\/\"><img loading=\"lazy\" decoding=\"async\" width=\"1024\" height=\"768\" src=\"http:\/\/europeci.com\/wp-content\/uploads\/2020\/11\/WhatsApp-Image-2020-11-13-at-11.56.56-AM-1-1.jpeg\" alt=\"\" class=\"wp-image-583\" srcset=\"https:\/\/europeci.com\/wp-content\/uploads\/2020\/11\/WhatsApp-Image-2020-11-13-at-11.56.56-AM-1-1.jpeg 1024w, https:\/\/europeci.com\/wp-content\/uploads\/2020\/11\/WhatsApp-Image-2020-11-13-at-11.56.56-AM-1-1-300x225.jpeg 300w, https:\/\/europeci.com\/wp-content\/uploads\/2020\/11\/WhatsApp-Image-2020-11-13-at-11.56.56-AM-1-1-768x576.jpeg 768w, https:\/\/europeci.com\/wp-content\/uploads\/2020\/11\/WhatsApp-Image-2020-11-13-at-11.56.56-AM-1-1-285x214.jpeg 285w\" sizes=\"(max-width: 1024px) 100vw, 1024px\" \/><\/a><\/figure>\n<\/div>\n\n\n\n<div class=\"wp-block-themeisle-blocks-advanced-column\" id=\"wp-block-themeisle-blocks-advanced-column-d301e0ab\">\n<div id=\"wp-block-themeisle-blocks-advanced-heading-e62ef390\" class=\"wp-block-themeisle-blocks-advanced-heading wp-block-themeisle-blocks-advanced-heading-e62ef390\"><strong><em>OTROS<\/em><\/strong><\/div>\n\n\n\n<p><\/p>\n\n\n\n<p>Estamos comprometidos con la protecci\u00f3n del medio ambiente y la seguridad de nuestros clientes por eso ofrecemos la l\u00ednea de barnices al agua para exterior, bajo el nombre de hidromar.<\/p>\n\n\n\n<div class=\"wp-block-buttons is-layout-flex wp-block-buttons-is-layout-flex\">\n<div class=\"wp-block-button is-style-outline is-style-outline--8\"><a class=\"wp-block-button__link has-white-color has-vivid-red-background-color has-text-color has-background\" href=\"http:\/\/europeci.com\/es\/others\/\">Productos<\/a><\/div>\n<\/div>\n\n\n\n<p style=\"font-size:1px\"><\/p>\n<\/div>\n<\/div><\/section>\n<\/div>\n<\/div><\/section>\n\n\n\n<pre class=\"wp-block-preformatted\"><\/pre>","protected":false},"excerpt":{"rendered":"<p>POLIURETANO EN BASE DE AGUA<\/p>","protected":false},"author":1,"featured_media":0,"parent":0,"menu_order":2,"comment_status":"closed","ping_status":"closed","template":"","meta":{"saved_in_kubio":false,"site-sidebar-layout":"default","site-content-layout":"","ast-site-content-layout":"default","site-content-style":"default","site-sidebar-style":"default","ast-global-header-display":"","ast-banner-title-visibility":"","ast-main-header-display":"","ast-hfb-above-header-display":"","ast-hfb-below-header-display":"","ast-hfb-mobile-header-display":"","site-post-title":"","ast-breadcrumbs-content":"","ast-featured-img":"","footer-sml-layout":"","ast-disable-related-posts":"","theme-transparent-header-meta":"","adv-header-id-meta":"","stick-header-meta":"","header-above-stick-meta":"","header-main-stick-meta":"","header-below-stick-meta":"","astra-migrate-meta-layouts":"default","ast-page-background-enabled":"default","ast-page-background-meta":{"desktop":{"background-color":"var(--ast-global-color-4)","background-image":"","background-repeat":"repeat","background-position":"center center","background-size":"auto","background-attachment":"scroll","background-type":"","background-media":"","overlay-type":"","overlay-color":"","overlay-opacity":"","overlay-gradient":""},"tablet":{"background-color":"","background-image":"","background-repeat":"repeat","background-position":"center center","background-size":"auto","background-attachment":"scroll","background-type":"","background-media":"","overlay-type":"","overlay-color":"","overlay-opacity":"","overlay-gradient":""},"mobile":{"background-color":"","background-image":"","background-repeat":"repeat","background-position":"center center","background-size":"auto","background-attachment":"scroll","background-type":"","background-media":"","overlay-type":"","overlay-color":"","overlay-opacity":"","overlay-gradient":""}},"ast-content-background-meta":{"desktop":{"background-color":"var(--ast-global-color-5)","background-image":"","background-repeat":"repeat","background-position":"center center","background-size":"auto","background-attachment":"scroll","background-type":"","background-media":"","overlay-type":"","overlay-color":"","overlay-opacity":"","overlay-gradient":""},"tablet":{"background-color":"var(--ast-global-color-5)","background-image":"","background-repeat":"repeat","background-position":"center center","background-size":"auto","background-attachment":"scroll","background-type":"","background-media":"","overlay-type":"","overlay-color":"","overlay-opacity":"","overlay-gradient":""},"mobile":{"background-color":"var(--ast-global-color-5)","background-image":"","background-repeat":"repeat","background-position":"center center","background-size":"auto","background-attachment":"scroll","background-type":"","background-media":"","overlay-type":"","overlay-color":"","overlay-opacity":"","overlay-gradient":""}},"footnotes":""},"class_list":["post-443","page","type-page","status-publish","hentry"],"kubio_ai_page_context":{"short_desc":"","purpose":"general"},"_links":{"self":[{"href":"https:\/\/europeci.com\/es\/wp-json\/wp\/v2\/pages\/443","targetHints":{"allow":["GET"]}}],"collection":[{"href":"https:\/\/europeci.com\/es\/wp-json\/wp\/v2\/pages"}],"about":[{"href":"https:\/\/europeci.com\/es\/wp-json\/wp\/v2\/types\/page"}],"author":[{"embeddable":true,"href":"https:\/\/europeci.com\/es\/wp-json\/wp\/v2\/users\/1"}],"replies":[{"embeddable":true,"href":"https:\/\/europeci.com\/es\/wp-json\/wp\/v2\/comments?post=443"}],"version-history":[{"count":57,"href":"https:\/\/europeci.com\/es\/wp-json\/wp\/v2\/pages\/443\/revisions"}],"predecessor-version":[{"id":773,"href":"https:\/\/europeci.com\/es\/wp-json\/wp\/v2\/pages\/443\/revisions\/773"}],"wp:attachment":[{"href":"https:\/\/europeci.com\/es\/wp-json\/wp\/v2\/media?parent=443"}],"curies":[{"name":"wp","href":"https:\/\/api.w.org\/{rel}","templated":true}]}}